{"id":834,"date":"2019-11-26T14:38:30","date_gmt":"2019-11-26T12:38:30","guid":{"rendered":"http:\/\/astex.fi\/wordpress2\/?page_id=834"},"modified":"2023-10-19T15:05:30","modified_gmt":"2023-10-19T12:05:30","slug":"suunnittelu","status":"publish","type":"page","link":"http:\/\/astex.fi\/en\/suunnittelu\/","title":{"rendered":"Design"},"content":{"rendered":"<div data-elementor-type=\"wp-page\" data-elementor-id=\"834\" class=\"elementor elementor-834\">\n\t\t\t\t\t\t<section class=\"elementor-section elementor-top-section elementor-element elementor-element-659e858 elementor-section-full_width elementor-section-stretched elementor-section-height-default elementor-section-height-default\" data-id=\"659e858\" data-element_type=\"section\" data-e-type=\"section\" data-settings=\"{&quot;background_background&quot;:&quot;classic&quot;,&quot;stretch_section&quot;:&quot;section-stretched&quot;}\">\n\t\t\t\t\t\t\t<div class=\"elementor-background-overlay\"><\/div>\n\t\t\t\t\t\t\t<div class=\"elementor-container elementor-column-gap-wide\">\n\t\t\t\t\t<div class=\"elementor-column elementor-col-100 elementor-top-column elementor-element elementor-element-6e330e3\" data-id=\"6e330e3\" data-element_type=\"column\" data-e-type=\"column\">\n\t\t\t<div class=\"elementor-widget-wrap elementor-element-populated\">\n\t\t\t\t\t\t<div class=\"elementor-element elementor-element-8d0cc21 elementor-widget-mobile__width-initial elementor-widget elementor-widget-heading\" data-id=\"8d0cc21\" data-element_type=\"widget\" data-e-type=\"widget\" data-widget_type=\"heading.default\">\n\t\t\t\t<div class=\"elementor-widget-container\">\n\t\t\t\t\t<h1 class=\"elementor-heading-title elementor-size-large\">DESIGN<\/h1>\t\t\t\t<\/div>\n\t\t\t\t<\/div>\n\t\t\t\t<div class=\"elementor-element elementor-element-5a99d03 elementor-align-center elementor-widget elementor-widget-button\" data-id=\"5a99d03\" data-element_type=\"widget\" data-e-type=\"widget\" data-widget_type=\"button.default\">\n\t\t\t\t<div class=\"elementor-widget-container\">\n\t\t\t\t\t\t\t\t\t<div class=\"elementor-button-wrapper\">\n\t\t\t\t\t<a class=\"elementor-button elementor-button-link elementor-size-md elementor-animation-grow\" href=\"http:\/\/astex.fi\/en\/yhteystiedot\/\">\n\t\t\t\t\t\t<span class=\"elementor-button-content-wrapper\">\n\t\t\t\t\t\t\t\t\t<span class=\"elementor-button-text\">PLEASE CONTACT US<\/span>\n\t\t\t\t\t<\/span>\n\t\t\t\t\t<\/a>\n\t\t\t\t<\/div>\n\t\t\t\t\t\t\t\t<\/div>\n\t\t\t\t<\/div>\n\t\t\t\t\t<\/div>\n\t\t<\/div>\n\t\t\t\t\t<\/div>\n\t\t<\/section>\n\t\t\t\t<section class=\"elementor-section elementor-top-section elementor-element elementor-element-a893f6a elementor-section-full_width elementor-section-height-default elementor-section-height-default\" data-id=\"a893f6a\" data-element_type=\"section\" data-e-type=\"section\" data-settings=\"{&quot;background_background&quot;:&quot;classic&quot;}\">\n\t\t\t\t\t\t\t<div class=\"elementor-background-overlay\"><\/div>\n\t\t\t\t\t\t\t<div class=\"elementor-container elementor-column-gap-default\">\n\t\t\t\t\t<div class=\"elementor-column elementor-col-100 elementor-top-column elementor-element elementor-element-c320ff4\" data-id=\"c320ff4\" data-element_type=\"column\" data-e-type=\"column\">\n\t\t\t<div class=\"elementor-widget-wrap elementor-element-populated\">\n\t\t\t\t\t\t<div class=\"elementor-element elementor-element-996bdab elementor-widget elementor-widget-spacer\" data-id=\"996bdab\" data-element_type=\"widget\" data-e-type=\"widget\" data-widget_type=\"spacer.default\">\n\t\t\t\t<div class=\"elementor-widget-container\">\n\t\t\t\t\t\t\t<div class=\"elementor-spacer\">\n\t\t\t<div class=\"elementor-spacer-inner\"><\/div>\n\t\t<\/div>\n\t\t\t\t\t\t<\/div>\n\t\t\t\t<\/div>\n\t\t\t\t<div class=\"elementor-element elementor-element-47e5149 elementor-widget elementor-widget-spacer\" data-id=\"47e5149\" data-element_type=\"widget\" data-e-type=\"widget\" data-widget_type=\"spacer.default\">\n\t\t\t\t<div class=\"elementor-widget-container\">\n\t\t\t\t\t\t\t<div class=\"elementor-spacer\">\n\t\t\t<div class=\"elementor-spacer-inner\"><\/div>\n\t\t<\/div>\n\t\t\t\t\t\t<\/div>\n\t\t\t\t<\/div>\n\t\t\t\t<div class=\"elementor-element elementor-element-6a37720 elementor-widget elementor-widget-heading\" data-id=\"6a37720\" data-element_type=\"widget\" data-e-type=\"widget\" data-widget_type=\"heading.default\">\n\t\t\t\t<div class=\"elementor-widget-container\">\n\t\t\t\t\t<h2 class=\"elementor-heading-title elementor-size-default\">Technical design for your needs<\/h2>\t\t\t\t<\/div>\n\t\t\t\t<\/div>\n\t\t\t\t<div class=\"elementor-element elementor-element-f154540 elementor-widget elementor-widget-spacer\" data-id=\"f154540\" data-element_type=\"widget\" data-e-type=\"widget\" data-widget_type=\"spacer.default\">\n\t\t\t\t<div class=\"elementor-widget-container\">\n\t\t\t\t\t\t\t<div class=\"elementor-spacer\">\n\t\t\t<div class=\"elementor-spacer-inner\"><\/div>\n\t\t<\/div>\n\t\t\t\t\t\t<\/div>\n\t\t\t\t<\/div>\n\t\t\t\t\t<\/div>\n\t\t<\/div>\n\t\t\t\t\t<\/div>\n\t\t<\/section>\n\t\t\t\t<section class=\"elementor-section elementor-top-section elementor-element elementor-element-6efbda9 elementor-section-boxed elementor-section-height-default elementor-section-height-default\" data-id=\"6efbda9\" data-element_type=\"section\" data-e-type=\"section\" data-settings=\"{&quot;background_background&quot;:&quot;classic&quot;}\">\n\t\t\t\t\t\t\t<div class=\"elementor-background-overlay\"><\/div>\n\t\t\t\t\t\t\t<div class=\"elementor-container elementor-column-gap-default\">\n\t\t\t\t\t<div class=\"elementor-column elementor-col-50 elementor-top-column elementor-element elementor-element-41a8203\" data-id=\"41a8203\" data-element_type=\"column\" data-e-type=\"column\">\n\t\t\t<div class=\"elementor-widget-wrap elementor-element-populated\">\n\t\t\t\t\t\t<div class=\"elementor-element elementor-element-4635fdc elementor-widget elementor-widget-video\" data-id=\"4635fdc\" data-element_type=\"widget\" data-e-type=\"widget\" data-settings=\"{&quot;youtube_url&quot;:&quot;https:\\\/\\\/youtu.be\\\/bV9leFVqgYk&quot;,&quot;video_type&quot;:&quot;youtube&quot;,&quot;controls&quot;:&quot;yes&quot;}\" data-widget_type=\"video.default\">\n\t\t\t\t<div class=\"elementor-widget-container\">\n\t\t\t\t\t\t\t<div class=\"elementor-wrapper elementor-open-inline\">\n\t\t\t<div class=\"elementor-video\"><\/div>\t\t<\/div>\n\t\t\t\t\t\t<\/div>\n\t\t\t\t<\/div>\n\t\t\t\t\t<\/div>\n\t\t<\/div>\n\t\t\t\t<div class=\"elementor-column elementor-col-50 elementor-top-column elementor-element elementor-element-6532bd0\" data-id=\"6532bd0\" data-element_type=\"column\" data-e-type=\"column\">\n\t\t\t<div class=\"elementor-widget-wrap elementor-element-populated\">\n\t\t\t\t\t\t<div class=\"elementor-element elementor-element-c2f0f8e elementor-widget elementor-widget-text-editor\" data-id=\"c2f0f8e\" data-element_type=\"widget\" data-e-type=\"widget\" data-widget_type=\"text-editor.default\">\n\t\t\t\t<div class=\"elementor-widget-container\">\n\t\t\t\t\t\t\t\t\t<p>We use modern design and programming tools SolidWorks, Mastercam and WinCam.<\/p><p>Of these, SolidWorks is parametric 3D mechanical design software that includes volume and surface modeling tools. A user created piece or entity can be edited very freely without having to start over.<\/p><p>MasterCam is CAD \/ CAM software that controls machine tools. It is used to create toolpaths for CNC machine tools. Toolpath types are widely available, such as profile, drilling, pocket, smoothing, peeling, engraving, high-speed toolpaths, multi-axis paths and more. With different toolpaths, the machine can produce even complex parts efficiently and with dimensional accuracy.<\/p>\t\t\t\t\t\t\t\t<\/div>\n\t\t\t\t<\/div>\n\t\t\t\t\t<\/div>\n\t\t<\/div>\n\t\t\t\t\t<\/div>\n\t\t<\/section>\n\t\t\t\t<section class=\"elementor-section elementor-top-section elementor-element elementor-element-fcf0c68 elementor-section-height-min-height elementor-section-boxed elementor-section-height-default elementor-section-items-middle\" data-id=\"fcf0c68\" data-element_type=\"section\" data-e-type=\"section\" data-settings=\"{&quot;background_background&quot;:&quot;classic&quot;}\">\n\t\t\t\t\t\t\t<div class=\"elementor-background-overlay\"><\/div>\n\t\t\t\t\t\t\t<div class=\"elementor-container elementor-column-gap-default\">\n\t\t\t\t\t<div class=\"elementor-column elementor-col-100 elementor-top-column elementor-element elementor-element-925d98b\" data-id=\"925d98b\" data-element_type=\"column\" data-e-type=\"column\">\n\t\t\t<div class=\"elementor-widget-wrap elementor-element-populated\">\n\t\t\t\t\t\t<div class=\"elementor-element elementor-element-545eba0 elementor-widget elementor-widget-heading\" data-id=\"545eba0\" data-element_type=\"widget\" data-e-type=\"widget\" data-widget_type=\"heading.default\">\n\t\t\t\t<div class=\"elementor-widget-container\">\n\t\t\t\t\t<h4 class=\"elementor-heading-title elementor-size-default\">Contact us and request a offer!<\/h4>\t\t\t\t<\/div>\n\t\t\t\t<\/div>\n\t\t\t\t<div class=\"elementor-element elementor-element-ab74f0f elementor-align-center elementor-widget elementor-widget-button\" data-id=\"ab74f0f\" data-element_type=\"widget\" data-e-type=\"widget\" data-widget_type=\"button.default\">\n\t\t\t\t<div class=\"elementor-widget-container\">\n\t\t\t\t\t\t\t\t\t<div class=\"elementor-button-wrapper\">\n\t\t\t\t\t<a class=\"elementor-button elementor-button-link elementor-size-md elementor-animation-grow\" href=\"http:\/\/astex.fi\/en\/yhteystiedot\/\">\n\t\t\t\t\t\t<span class=\"elementor-button-content-wrapper\">\n\t\t\t\t\t\t\t\t\t<span class=\"elementor-button-text\">PLEASE CONTACT US<\/span>\n\t\t\t\t\t<\/span>\n\t\t\t\t\t<\/a>\n\t\t\t\t<\/div>\n\t\t\t\t\t\t\t\t<\/div>\n\t\t\t\t<\/div>\n\t\t\t\t\t<\/div>\n\t\t<\/div>\n\t\t\t\t\t<\/div>\n\t\t<\/section>\n\t\t\t\t<\/div>","protected":false},"excerpt":{"rendered":"<p>suunnittelu ota yhteytt\u00e4 Valmistusteknist\u00e4 suunnittelua tarpeittesi mukaan https:\/\/youtu.be\/bV9leFVqgYk K\u00e4yt\u00f6ss\u00e4mme on modernit suunnittelu- ja ohjelmointiv\u00e4lineet SolidWorks, Mastercam sek\u00e4 WinCam. N\u00e4ist\u00e4 SolidWorks on parametrinen 3D-mekaniikkasuunnitteluohjelmisto, joka sis\u00e4lt\u00e4\u00e4 tilavuus- ja pintamallinnusty\u00f6kalut. Mallintaminen perustuu piirteisiin. K\u00e4ytt\u00e4j\u00e4n luoma kappale tai kokonaisuus on muokattavissa eritt\u00e4in vapaasti ilman, ett\u00e4 ty\u00f6 olisi aloitettava uudelleen alusta. Mastercam on CAD\/CAM-ohjelmisto, jonka avulla ty\u00f6st\u00f6koneita ohjataan. Sen [&hellip;]<\/p>\n","protected":false},"author":5,"featured_media":0,"parent":0,"menu_order":0,"comment_status":"closed","ping_status":"closed","template":"","meta":{"_uag_custom_page_level_css":"","site-sidebar-layout":"no-sidebar","site-content-layout":"page-builder","ast-site-content-layout":"default","site-content-style":"default","site-sidebar-style":"default","ast-global-header-display":"","ast-banner-title-visibility":"","ast-main-header-display":"","ast-hfb-above-header-display":"","ast-hfb-below-header-display":"","ast-hfb-mobile-header-display":"","site-post-title":"disabled","ast-breadcrumbs-content":"","ast-featured-img":"disabled","footer-sml-layout":"","ast-disable-related-posts":"","theme-transparent-header-meta":"default","adv-header-id-meta":"","stick-header-meta":"","header-above-stick-meta":"","header-main-stick-meta":"","header-below-stick-meta":"","astra-migrate-meta-layouts":"default","ast-page-background-enabled":"default","ast-page-background-meta":{"desktop":{"background-color":"","background-image":"","background-repeat":"repeat","background-position":"center center","background-size":"auto","background-attachment":"scroll","background-type":"","background-media":"","overlay-type":"","overlay-color":"","overlay-opacity":"","overlay-gradient":""},"tablet":{"background-color":"","background-image":"","background-repeat":"repeat","background-position":"center center","background-size":"auto","background-attachment":"scroll","background-type":"","background-media":"","overlay-type":"","overlay-color":"","overlay-opacity":"","overlay-gradient":""},"mobile":{"background-color":"","background-image":"","background-repeat":"repeat","background-position":"center center","background-size":"auto","background-attachment":"scroll","background-type":"","background-media":"","overlay-type":"","overlay-color":"","overlay-opacity":"","overlay-gradient":""}},"ast-content-background-meta":{"desktop":{"background-color":"var(--ast-global-color-5)","background-image":"","background-repeat":"repeat","background-position":"center center","background-size":"auto","background-attachment":"scroll","background-type":"","background-media":"","overlay-type":"","overlay-color":"","overlay-opacity":"","overlay-gradient":""},"tablet":{"background-color":"var(--ast-global-color-5)","background-image":"","background-repeat":"repeat","background-position":"center center","background-size":"auto","background-attachment":"scroll","background-type":"","background-media":"","overlay-type":"","overlay-color":"","overlay-opacity":"","overlay-gradient":""},"mobile":{"background-color":"var(--ast-global-color-5)","background-image":"","background-repeat":"repeat","background-position":"center center","background-size":"auto","background-attachment":"scroll","background-type":"","background-media":"","overlay-type":"","overlay-color":"","overlay-opacity":"","overlay-gradient":""}},"footnotes":""},"class_list":["post-834","page","type-page","status-publish","hentry"],"yoast_head":"<!-- This site is optimized with the Yoast SEO plugin v27.5 - https:\/\/yoast.com\/product\/yoast-seo-wordpress\/ -->\n<title>Suunnittelu - Astex Engineering Oy<\/title>\n<meta name=\"robots\" content=\"index, follow, max-snippet:-1, max-image-preview:large, max-video-preview:-1\" \/>\n<link rel=\"canonical\" href=\"https:\/\/astex.fi\/en\/suunnittelu\/\" \/>\n<meta property=\"og:locale\" content=\"en_US\" \/>\n<meta property=\"og:type\" content=\"article\" \/>\n<meta property=\"og:title\" content=\"Suunnittelu - Astex Engineering Oy\" \/>\n<meta property=\"og:description\" content=\"suunnittelu ota yhteytt\u00e4 Valmistusteknist\u00e4 suunnittelua tarpeittesi mukaan https:\/\/youtu.be\/bV9leFVqgYk K\u00e4yt\u00f6ss\u00e4mme on modernit suunnittelu- ja ohjelmointiv\u00e4lineet SolidWorks, Mastercam sek\u00e4 WinCam. N\u00e4ist\u00e4 SolidWorks on parametrinen 3D-mekaniikkasuunnitteluohjelmisto, joka sis\u00e4lt\u00e4\u00e4 tilavuus- ja pintamallinnusty\u00f6kalut. Mallintaminen perustuu piirteisiin. K\u00e4ytt\u00e4j\u00e4n luoma kappale tai kokonaisuus on muokattavissa eritt\u00e4in vapaasti ilman, ett\u00e4 ty\u00f6 olisi aloitettava uudelleen alusta. Mastercam on CAD\/CAM-ohjelmisto, jonka avulla ty\u00f6st\u00f6koneita ohjataan. Sen [&hellip;]\" \/>\n<meta property=\"og:url\" content=\"https:\/\/astex.fi\/en\/suunnittelu\/\" \/>\n<meta property=\"og:site_name\" content=\"Astex Engineering Oy\" \/>\n<meta property=\"article:publisher\" content=\"https:\/\/www.facebook.com\/AstexEngineering\/\" \/>\n<meta property=\"article:modified_time\" content=\"2023-10-19T12:05:30+00:00\" \/>\n<meta name=\"twitter:card\" content=\"summary_large_image\" \/>\n<meta name=\"twitter:label1\" content=\"Est. reading time\" \/>\n\t<meta name=\"twitter:data1\" content=\"1 minute\" \/>\n<script type=\"application\/ld+json\" class=\"yoast-schema-graph\">{\"@context\":\"https:\\\/\\\/schema.org\",\"@graph\":[{\"@type\":\"WebPage\",\"@id\":\"https:\\\/\\\/astex.fi\\\/suunnittelu\\\/\",\"url\":\"https:\\\/\\\/astex.fi\\\/suunnittelu\\\/\",\"name\":\"Suunnittelu - Astex Engineering Oy\",\"isPartOf\":{\"@id\":\"https:\\\/\\\/astex.fi\\\/#website\"},\"datePublished\":\"2019-11-26T12:38:30+00:00\",\"dateModified\":\"2023-10-19T12:05:30+00:00\",\"breadcrumb\":{\"@id\":\"https:\\\/\\\/astex.fi\\\/suunnittelu\\\/#breadcrumb\"},\"inLanguage\":\"en-US\",\"potentialAction\":[{\"@type\":\"ReadAction\",\"target\":[\"https:\\\/\\\/astex.fi\\\/suunnittelu\\\/\"]}]},{\"@type\":\"BreadcrumbList\",\"@id\":\"https:\\\/\\\/astex.fi\\\/suunnittelu\\\/#breadcrumb\",\"itemListElement\":[{\"@type\":\"ListItem\",\"position\":1,\"name\":\"Home\",\"item\":\"https:\\\/\\\/astex.fi\\\/\"},{\"@type\":\"ListItem\",\"position\":2,\"name\":\"Suunnittelu\"}]},{\"@type\":\"WebSite\",\"@id\":\"https:\\\/\\\/astex.fi\\\/#website\",\"url\":\"https:\\\/\\\/astex.fi\\\/\",\"name\":\"Astex Engineering Oy\",\"description\":\"Astex - apunasi vaativissa koneistust\u00f6iss\u00e4\",\"publisher\":{\"@id\":\"https:\\\/\\\/astex.fi\\\/#organization\"},\"potentialAction\":[{\"@type\":\"SearchAction\",\"target\":{\"@type\":\"EntryPoint\",\"urlTemplate\":\"https:\\\/\\\/astex.fi\\\/?s={search_term_string}\"},\"query-input\":{\"@type\":\"PropertyValueSpecification\",\"valueRequired\":true,\"valueName\":\"search_term_string\"}}],\"inLanguage\":\"en-US\"},{\"@type\":\"Organization\",\"@id\":\"https:\\\/\\\/astex.fi\\\/#organization\",\"name\":\"Astex Engineering Oy\",\"url\":\"https:\\\/\\\/astex.fi\\\/\",\"logo\":{\"@type\":\"ImageObject\",\"inLanguage\":\"en-US\",\"@id\":\"https:\\\/\\\/astex.fi\\\/#\\\/schema\\\/logo\\\/image\\\/\",\"url\":\"https:\\\/\\\/astex.fi\\\/wp-content\\\/uploads\\\/2018\\\/11\\\/ASTEX-ENGINEERING-logo-transparent-background-RGB-SIN-e1626952547971.png\",\"contentUrl\":\"https:\\\/\\\/astex.fi\\\/wp-content\\\/uploads\\\/2018\\\/11\\\/ASTEX-ENGINEERING-logo-transparent-background-RGB-SIN-e1626952547971.png\",\"width\":302,\"height\":62,\"caption\":\"Astex Engineering Oy\"},\"image\":{\"@id\":\"https:\\\/\\\/astex.fi\\\/#\\\/schema\\\/logo\\\/image\\\/\"},\"sameAs\":[\"https:\\\/\\\/www.facebook.com\\\/AstexEngineering\\\/\"]}]}<\/script>\n<!-- \/ Yoast SEO plugin. -->","yoast_head_json":{"title":"Suunnittelu - Astex Engineering Oy","robots":{"index":"index","follow":"follow","max-snippet":"max-snippet:-1","max-image-preview":"max-image-preview:large","max-video-preview":"max-video-preview:-1"},"canonical":"https:\/\/astex.fi\/en\/suunnittelu\/","og_locale":"en_US","og_type":"article","og_title":"Suunnittelu - Astex Engineering Oy","og_description":"suunnittelu ota yhteytt\u00e4 Valmistusteknist\u00e4 suunnittelua tarpeittesi mukaan https:\/\/youtu.be\/bV9leFVqgYk K\u00e4yt\u00f6ss\u00e4mme on modernit suunnittelu- ja ohjelmointiv\u00e4lineet SolidWorks, Mastercam sek\u00e4 WinCam. N\u00e4ist\u00e4 SolidWorks on parametrinen 3D-mekaniikkasuunnitteluohjelmisto, joka sis\u00e4lt\u00e4\u00e4 tilavuus- ja pintamallinnusty\u00f6kalut. Mallintaminen perustuu piirteisiin. K\u00e4ytt\u00e4j\u00e4n luoma kappale tai kokonaisuus on muokattavissa eritt\u00e4in vapaasti ilman, ett\u00e4 ty\u00f6 olisi aloitettava uudelleen alusta. Mastercam on CAD\/CAM-ohjelmisto, jonka avulla ty\u00f6st\u00f6koneita ohjataan. Sen [&hellip;]","og_url":"https:\/\/astex.fi\/en\/suunnittelu\/","og_site_name":"Astex Engineering Oy","article_publisher":"https:\/\/www.facebook.com\/AstexEngineering\/","article_modified_time":"2023-10-19T12:05:30+00:00","twitter_card":"summary_large_image","twitter_misc":{"Est. reading time":"1 minute"},"schema":{"@context":"https:\/\/schema.org","@graph":[{"@type":"WebPage","@id":"https:\/\/astex.fi\/suunnittelu\/","url":"https:\/\/astex.fi\/suunnittelu\/","name":"Suunnittelu - Astex Engineering Oy","isPartOf":{"@id":"https:\/\/astex.fi\/#website"},"datePublished":"2019-11-26T12:38:30+00:00","dateModified":"2023-10-19T12:05:30+00:00","breadcrumb":{"@id":"https:\/\/astex.fi\/suunnittelu\/#breadcrumb"},"inLanguage":"en-US","potentialAction":[{"@type":"ReadAction","target":["https:\/\/astex.fi\/suunnittelu\/"]}]},{"@type":"BreadcrumbList","@id":"https:\/\/astex.fi\/suunnittelu\/#breadcrumb","itemListElement":[{"@type":"ListItem","position":1,"name":"Home","item":"https:\/\/astex.fi\/"},{"@type":"ListItem","position":2,"name":"Suunnittelu"}]},{"@type":"WebSite","@id":"https:\/\/astex.fi\/#website","url":"https:\/\/astex.fi\/","name":"Astex Engineering Oy","description":"Astex - apunasi vaativissa koneistust\u00f6iss\u00e4","publisher":{"@id":"https:\/\/astex.fi\/#organization"},"potentialAction":[{"@type":"SearchAction","target":{"@type":"EntryPoint","urlTemplate":"https:\/\/astex.fi\/?s={search_term_string}"},"query-input":{"@type":"PropertyValueSpecification","valueRequired":true,"valueName":"search_term_string"}}],"inLanguage":"en-US"},{"@type":"Organization","@id":"https:\/\/astex.fi\/#organization","name":"Astex Engineering Oy","url":"https:\/\/astex.fi\/","logo":{"@type":"ImageObject","inLanguage":"en-US","@id":"https:\/\/astex.fi\/#\/schema\/logo\/image\/","url":"https:\/\/astex.fi\/wp-content\/uploads\/2018\/11\/ASTEX-ENGINEERING-logo-transparent-background-RGB-SIN-e1626952547971.png","contentUrl":"https:\/\/astex.fi\/wp-content\/uploads\/2018\/11\/ASTEX-ENGINEERING-logo-transparent-background-RGB-SIN-e1626952547971.png","width":302,"height":62,"caption":"Astex Engineering Oy"},"image":{"@id":"https:\/\/astex.fi\/#\/schema\/logo\/image\/"},"sameAs":["https:\/\/www.facebook.com\/AstexEngineering\/"]}]}},"uagb_featured_image_src":{"full":false,"thumbnail":false,"medium":false,"medium_large":false,"large":false,"1536x1536":false,"2048x2048":false,"trp-custom-language-flag":false},"uagb_author_info":{"display_name":"Petri Lammi","author_link":"http:\/\/astex.fi\/en\/author\/petri-lammiastex-fi\/"},"uagb_comment_info":0,"uagb_excerpt":"suunnittelu ota yhteytt\u00e4 Valmistusteknist\u00e4 suunnittelua tarpeittesi mukaan https:\/\/youtu.be\/bV9leFVqgYk K\u00e4yt\u00f6ss\u00e4mme on modernit suunnittelu- ja ohjelmointiv\u00e4lineet SolidWorks, Mastercam sek\u00e4 WinCam. N\u00e4ist\u00e4 SolidWorks on parametrinen 3D-mekaniikkasuunnitteluohjelmisto, joka sis\u00e4lt\u00e4\u00e4 tilavuus- ja pintamallinnusty\u00f6kalut. Mallintaminen perustuu piirteisiin. K\u00e4ytt\u00e4j\u00e4n luoma kappale tai kokonaisuus on muokattavissa eritt\u00e4in vapaasti ilman, ett\u00e4 ty\u00f6 olisi aloitettava uudelleen alusta. Mastercam on CAD\/CAM-ohjelmisto, jonka avulla ty\u00f6st\u00f6koneita ohjataan. Sen&hellip;","_links":{"self":[{"href":"http:\/\/astex.fi\/en\/wp-json\/wp\/v2\/pages\/834","targetHints":{"allow":["GET"]}}],"collection":[{"href":"http:\/\/astex.fi\/en\/wp-json\/wp\/v2\/pages"}],"about":[{"href":"http:\/\/astex.fi\/en\/wp-json\/wp\/v2\/types\/page"}],"author":[{"embeddable":true,"href":"http:\/\/astex.fi\/en\/wp-json\/wp\/v2\/users\/5"}],"replies":[{"embeddable":true,"href":"http:\/\/astex.fi\/en\/wp-json\/wp\/v2\/comments?post=834"}],"version-history":[{"count":51,"href":"http:\/\/astex.fi\/en\/wp-json\/wp\/v2\/pages\/834\/revisions"}],"predecessor-version":[{"id":3246,"href":"http:\/\/astex.fi\/en\/wp-json\/wp\/v2\/pages\/834\/revisions\/3246"}],"wp:attachment":[{"href":"http:\/\/astex.fi\/en\/wp-json\/wp\/v2\/media?parent=834"}],"curies":[{"name":"wp","href":"https:\/\/api.w.org\/{rel}","templated":true}]}}