{"id":496,"date":"2019-11-21T18:06:43","date_gmt":"2019-11-21T16:06:43","guid":{"rendered":"http:\/\/astex.fi\/wordpress2\/?page_id=496"},"modified":"2023-10-19T15:11:07","modified_gmt":"2023-10-19T12:11:07","slug":"pintakasittelyt","status":"publish","type":"page","link":"http:\/\/astex.fi\/en\/pintakasittelyt\/","title":{"rendered":"Surface treatment"},"content":{"rendered":"<div data-elementor-type=\"wp-page\" data-elementor-id=\"496\" class=\"elementor elementor-496\">\n\t\t\t\t\t\t<section class=\"elementor-section elementor-top-section elementor-element elementor-element-ae4580a elementor-section-full_width elementor-section-height-default elementor-section-height-default\" data-id=\"ae4580a\" data-element_type=\"section\" data-e-type=\"section\" data-settings=\"{&quot;background_background&quot;:&quot;classic&quot;}\">\n\t\t\t\t\t\t\t<div class=\"elementor-background-overlay\"><\/div>\n\t\t\t\t\t\t\t<div class=\"elementor-container elementor-column-gap-default\">\n\t\t\t\t\t<div class=\"elementor-column elementor-col-100 elementor-top-column elementor-element elementor-element-3828701\" data-id=\"3828701\" data-element_type=\"column\" data-e-type=\"column\">\n\t\t\t<div class=\"elementor-widget-wrap elementor-element-populated\">\n\t\t\t\t\t\t<div class=\"elementor-element elementor-element-17dc8f0 elementor-widget-mobile__width-initial elementor-widget elementor-widget-heading\" data-id=\"17dc8f0\" data-element_type=\"widget\" data-e-type=\"widget\" data-widget_type=\"heading.default\">\n\t\t\t\t<div class=\"elementor-widget-container\">\n\t\t\t\t\t<h1 class=\"elementor-heading-title elementor-size-large\">SURFACE TREATMENTS<\/h1>\t\t\t\t<\/div>\n\t\t\t\t<\/div>\n\t\t\t\t<div class=\"elementor-element elementor-element-ab27f23 elementor-align-center elementor-widget elementor-widget-button\" data-id=\"ab27f23\" data-element_type=\"widget\" data-e-type=\"widget\" data-widget_type=\"button.default\">\n\t\t\t\t<div class=\"elementor-widget-container\">\n\t\t\t\t\t\t\t\t\t<div class=\"elementor-button-wrapper\">\n\t\t\t\t\t<a class=\"elementor-button elementor-button-link elementor-size-md elementor-animation-grow\" href=\"http:\/\/astex.fi\/en\/yhteystiedot\/\">\n\t\t\t\t\t\t<span class=\"elementor-button-content-wrapper\">\n\t\t\t\t\t\t\t\t\t<span class=\"elementor-button-text\">PLEASE CONTACT US<\/span>\n\t\t\t\t\t<\/span>\n\t\t\t\t\t<\/a>\n\t\t\t\t<\/div>\n\t\t\t\t\t\t\t\t<\/div>\n\t\t\t\t<\/div>\n\t\t\t\t\t<\/div>\n\t\t<\/div>\n\t\t\t\t\t<\/div>\n\t\t<\/section>\n\t\t\t\t<section class=\"elementor-section elementor-top-section elementor-element elementor-element-d86b922 elementor-section-boxed elementor-section-height-default elementor-section-height-default\" data-id=\"d86b922\" data-element_type=\"section\" data-e-type=\"section\" data-settings=\"{&quot;background_background&quot;:&quot;classic&quot;}\">\n\t\t\t\t\t\t\t<div class=\"elementor-background-overlay\"><\/div>\n\t\t\t\t\t\t\t<div class=\"elementor-container elementor-column-gap-default\">\n\t\t\t\t\t<div class=\"elementor-column elementor-col-100 elementor-top-column elementor-element elementor-element-6a1d83f\" data-id=\"6a1d83f\" data-element_type=\"column\" data-e-type=\"column\">\n\t\t\t<div class=\"elementor-widget-wrap elementor-element-populated\">\n\t\t\t\t\t\t<div class=\"elementor-element elementor-element-c770a53 elementor-widget elementor-widget-spacer\" data-id=\"c770a53\" data-element_type=\"widget\" data-e-type=\"widget\" data-widget_type=\"spacer.default\">\n\t\t\t\t<div class=\"elementor-widget-container\">\n\t\t\t\t\t\t\t<div class=\"elementor-spacer\">\n\t\t\t<div class=\"elementor-spacer-inner\"><\/div>\n\t\t<\/div>\n\t\t\t\t\t\t<\/div>\n\t\t\t\t<\/div>\n\t\t\t\t<div class=\"elementor-element elementor-element-615cffa elementor-widget elementor-widget-heading\" data-id=\"615cffa\" data-element_type=\"widget\" data-e-type=\"widget\" data-widget_type=\"heading.default\">\n\t\t\t\t<div class=\"elementor-widget-container\">\n\t\t\t\t\t<h2 class=\"elementor-heading-title elementor-size-default\">Finishing with surface treatment<\/h2>\t\t\t\t<\/div>\n\t\t\t\t<\/div>\n\t\t\t\t<div class=\"elementor-element elementor-element-35496ae elementor-widget elementor-widget-spacer\" data-id=\"35496ae\" data-element_type=\"widget\" data-e-type=\"widget\" data-widget_type=\"spacer.default\">\n\t\t\t\t<div class=\"elementor-widget-container\">\n\t\t\t\t\t\t\t<div class=\"elementor-spacer\">\n\t\t\t<div class=\"elementor-spacer-inner\"><\/div>\n\t\t<\/div>\n\t\t\t\t\t\t<\/div>\n\t\t\t\t<\/div>\n\t\t\t\t<div class=\"elementor-element elementor-element-047a381 elementor-widget elementor-widget-spacer\" data-id=\"047a381\" data-element_type=\"widget\" data-e-type=\"widget\" data-widget_type=\"spacer.default\">\n\t\t\t\t<div class=\"elementor-widget-container\">\n\t\t\t\t\t\t\t<div class=\"elementor-spacer\">\n\t\t\t<div class=\"elementor-spacer-inner\"><\/div>\n\t\t<\/div>\n\t\t\t\t\t\t<\/div>\n\t\t\t\t<\/div>\n\t\t\t\t\t<\/div>\n\t\t<\/div>\n\t\t\t\t\t<\/div>\n\t\t<\/section>\n\t\t\t\t<section class=\"elementor-section elementor-top-section elementor-element elementor-element-3c5e5d1 elementor-section-boxed elementor-section-height-default elementor-section-height-default\" data-id=\"3c5e5d1\" data-element_type=\"section\" data-e-type=\"section\" data-settings=\"{&quot;background_background&quot;:&quot;classic&quot;}\">\n\t\t\t\t\t\t\t<div class=\"elementor-background-overlay\"><\/div>\n\t\t\t\t\t\t\t<div class=\"elementor-container elementor-column-gap-default\">\n\t\t\t\t\t<div class=\"elementor-column elementor-col-33 elementor-top-column elementor-element elementor-element-0d50e01\" data-id=\"0d50e01\" data-element_type=\"column\" data-e-type=\"column\">\n\t\t\t<div class=\"elementor-widget-wrap elementor-element-populated\">\n\t\t\t\t\t\t<div class=\"elementor-element elementor-element-233dbaa elementor-widget elementor-widget-image\" data-id=\"233dbaa\" data-element_type=\"widget\" data-e-type=\"widget\" data-widget_type=\"image.default\">\n\t\t\t\t<div class=\"elementor-widget-container\">\n\t\t\t\t\t\t\t\t\t\t\t\t\t\t\t<img decoding=\"async\" src=\"https:\/\/astex.fi\/wp-content\/uploads\/elementor\/thumbs\/P_20200826_110629_1-pbbwvbpvnf9sr356z89zasim8n5rvsqvbel3hf80p4.jpg\" title=\"P_20200826_110629_1\" alt=\"P_20200826_110629_1\" loading=\"lazy\" \/>\t\t\t\t\t\t\t\t\t\t\t\t\t\t\t<\/div>\n\t\t\t\t<\/div>\n\t\t\t\t<div class=\"elementor-element elementor-element-306f816 elementor-widget elementor-widget-video\" data-id=\"306f816\" data-element_type=\"widget\" data-e-type=\"widget\" data-settings=\"{&quot;youtube_url&quot;:&quot;https:\\\/\\\/youtu.be\\\/lHwU7El_HV0&quot;,&quot;video_type&quot;:&quot;youtube&quot;,&quot;controls&quot;:&quot;yes&quot;}\" data-widget_type=\"video.default\">\n\t\t\t\t<div class=\"elementor-widget-container\">\n\t\t\t\t\t\t\t<div class=\"elementor-wrapper elementor-open-inline\">\n\t\t\t<div class=\"elementor-video\"><\/div>\t\t<\/div>\n\t\t\t\t\t\t<\/div>\n\t\t\t\t<\/div>\n\t\t\t\t<div class=\"elementor-element elementor-element-94b99c9 elementor-widget elementor-widget-spacer\" data-id=\"94b99c9\" data-element_type=\"widget\" data-e-type=\"widget\" data-widget_type=\"spacer.default\">\n\t\t\t\t<div class=\"elementor-widget-container\">\n\t\t\t\t\t\t\t<div class=\"elementor-spacer\">\n\t\t\t<div class=\"elementor-spacer-inner\"><\/div>\n\t\t<\/div>\n\t\t\t\t\t\t<\/div>\n\t\t\t\t<\/div>\n\t\t\t\t<div class=\"elementor-element elementor-element-db4cfa9 elementor-widget elementor-widget-spacer\" data-id=\"db4cfa9\" data-element_type=\"widget\" data-e-type=\"widget\" data-widget_type=\"spacer.default\">\n\t\t\t\t<div class=\"elementor-widget-container\">\n\t\t\t\t\t\t\t<div class=\"elementor-spacer\">\n\t\t\t<div class=\"elementor-spacer-inner\"><\/div>\n\t\t<\/div>\n\t\t\t\t\t\t<\/div>\n\t\t\t\t<\/div>\n\t\t\t\t\t<\/div>\n\t\t<\/div>\n\t\t\t\t<div class=\"elementor-column elementor-col-66 elementor-top-column elementor-element elementor-element-bd40b22\" data-id=\"bd40b22\" data-element_type=\"column\" data-e-type=\"column\">\n\t\t\t<div class=\"elementor-widget-wrap elementor-element-populated\">\n\t\t\t\t\t\t<div class=\"elementor-element elementor-element-f894a8f elementor-widget elementor-widget-text-editor\" data-id=\"f894a8f\" data-element_type=\"widget\" data-e-type=\"widget\" data-widget_type=\"text-editor.default\">\n\t\t\t\t<div class=\"elementor-widget-container\">\n\t\t\t\t\t\t\t\t\t<p>Our company performs the necessary wet paintings according to customer requirements.<\/p><p>All surfaces to be painted are cleaned by sandblasting and the products are transferred to a warm, dry room for painting. Typical painting are multi- layer paintings, the strengths of which are always checked, and if necessary, we make measurement reports.<\/p><p>Our paintings are of high quality and corrosion resistant and our customers have been satisfied with the operation.<\/p><p>Other surface treatments, such as electroplating, nickel plating, black nitration etc. have been done by our well-known and reliable partners. Our products often have quenching, heat treatments and other demanding work steps, which we also do with our long-term and reliable partners.<\/p>\t\t\t\t\t\t\t\t<\/div>\n\t\t\t\t<\/div>\n\t\t\t\t<div class=\"elementor-element elementor-element-1a6fdd0 elementor-align-left elementor-widget elementor-widget-button\" data-id=\"1a6fdd0\" data-element_type=\"widget\" data-e-type=\"widget\" data-widget_type=\"button.default\">\n\t\t\t\t<div class=\"elementor-widget-container\">\n\t\t\t\t\t\t\t\t\t<div class=\"elementor-button-wrapper\">\n\t\t\t\t\t<a class=\"elementor-button elementor-button-link elementor-size-lg elementor-animation-grow\" href=\"http:\/\/astex.fi\/en\/konekanta\/\">\n\t\t\t\t\t\t<span class=\"elementor-button-content-wrapper\">\n\t\t\t\t\t\t\t\t\t<span class=\"elementor-button-text\">READ FURTHER ABOUT OUR MACHINERY<\/span>\n\t\t\t\t\t<\/span>\n\t\t\t\t\t<\/a>\n\t\t\t\t<\/div>\n\t\t\t\t\t\t\t\t<\/div>\n\t\t\t\t<\/div>\n\t\t\t\t\t<\/div>\n\t\t<\/div>\n\t\t\t\t\t<\/div>\n\t\t<\/section>\n\t\t\t\t<section class=\"elementor-section elementor-top-section elementor-element elementor-element-96f9fcd elementor-section-height-min-height elementor-section-boxed elementor-section-height-default elementor-section-items-middle\" data-id=\"96f9fcd\" data-element_type=\"section\" data-e-type=\"section\" data-settings=\"{&quot;background_background&quot;:&quot;classic&quot;}\">\n\t\t\t\t\t\t\t<div class=\"elementor-background-overlay\"><\/div>\n\t\t\t\t\t\t\t<div class=\"elementor-container elementor-column-gap-default\">\n\t\t\t\t\t<div class=\"elementor-column elementor-col-100 elementor-top-column elementor-element elementor-element-09d45f4\" data-id=\"09d45f4\" data-element_type=\"column\" data-e-type=\"column\">\n\t\t\t<div class=\"elementor-widget-wrap elementor-element-populated\">\n\t\t\t\t\t\t<div class=\"elementor-element elementor-element-f238441 elementor-widget elementor-widget-spacer\" data-id=\"f238441\" data-element_type=\"widget\" data-e-type=\"widget\" data-widget_type=\"spacer.default\">\n\t\t\t\t<div class=\"elementor-widget-container\">\n\t\t\t\t\t\t\t<div class=\"elementor-spacer\">\n\t\t\t<div class=\"elementor-spacer-inner\"><\/div>\n\t\t<\/div>\n\t\t\t\t\t\t<\/div>\n\t\t\t\t<\/div>\n\t\t\t\t<div class=\"elementor-element elementor-element-14c188e elementor-widget elementor-widget-heading\" data-id=\"14c188e\" data-element_type=\"widget\" data-e-type=\"widget\" data-widget_type=\"heading.default\">\n\t\t\t\t<div class=\"elementor-widget-container\">\n\t\t\t\t\t<h3 class=\"elementor-heading-title elementor-size-default\">Do you want more information?<\/h3>\t\t\t\t<\/div>\n\t\t\t\t<\/div>\n\t\t\t\t<div class=\"elementor-element elementor-element-ebf014d elementor-align-center elementor-widget elementor-widget-button\" data-id=\"ebf014d\" data-element_type=\"widget\" data-e-type=\"widget\" data-widget_type=\"button.default\">\n\t\t\t\t<div class=\"elementor-widget-container\">\n\t\t\t\t\t\t\t\t\t<div class=\"elementor-button-wrapper\">\n\t\t\t\t\t<a class=\"elementor-button elementor-button-link elementor-size-md elementor-animation-grow\" href=\"http:\/\/astex.fi\/en\/yhteystiedot\/\">\n\t\t\t\t\t\t<span class=\"elementor-button-content-wrapper\">\n\t\t\t\t\t\t\t\t\t<span class=\"elementor-button-text\">PLEASE CONTACT US<\/span>\n\t\t\t\t\t<\/span>\n\t\t\t\t\t<\/a>\n\t\t\t\t<\/div>\n\t\t\t\t\t\t\t\t<\/div>\n\t\t\t\t<\/div>\n\t\t\t\t\t<\/div>\n\t\t<\/div>\n\t\t\t\t\t<\/div>\n\t\t<\/section>\n\t\t\t\t<\/div>","protected":false},"excerpt":{"rendered":"<p>PINTAK\u00c4SITTELYT ota yhteytt\u00e4 Viimeistely pintak\u00e4sittelyll\u00e4 vaatimusten mukaisesti Yrityksess\u00e4mme suoritetaan tarvittavat m\u00e4rk\u00e4maalaukset asiakkaiden vaatimusten mukaan. Kaikki maalattavat pinnat puhdistetaan hiekkapuhaltamalla ja tuotteet siirret\u00e4\u00e4n maalaukseen l\u00e4mpim\u00e4\u00e4n, kuivaan tilaan. Tyypillisi\u00e4 maalauksia ovat monikerronmaalaukset, joiden vahvuudet tarkastetaan aina ja tarvittaessa teemme mittap\u00f6yt\u00e4kirjat. Maalauksemme on eritt\u00e4in laadukasta ja korroosionkest\u00e4v\u00e4\u00e4 ja asiakkaamme ovat olleet tyytyv\u00e4isi\u00e4 toimintaamme. Muut pintak\u00e4sittelyt kuten sinkitys, nikkel\u00f6inti, [&hellip;]<\/p>\n","protected":false},"author":5,"featured_media":0,"parent":0,"menu_order":5,"comment_status":"closed","ping_status":"closed","template":"","meta":{"_uag_custom_page_level_css":"","site-sidebar-layout":"no-sidebar","site-content-layout":"page-builder","ast-site-content-layout":"default","site-content-style":"default","site-sidebar-style":"default","ast-global-header-display":"","ast-banner-title-visibility":"","ast-main-header-display":"","ast-hfb-above-header-display":"","ast-hfb-below-header-display":"","ast-hfb-mobile-header-display":"","site-post-title":"disabled","ast-breadcrumbs-content":"","ast-featured-img":"disabled","footer-sml-layout":"","ast-disable-related-posts":"","theme-transparent-header-meta":"default","adv-header-id-meta":"","stick-header-meta":"","header-above-stick-meta":"","header-main-stick-meta":"","header-below-stick-meta":"","astra-migrate-meta-layouts":"default","ast-page-background-enabled":"default","ast-page-background-meta":{"desktop":{"background-color":"","background-image":"","background-repeat":"repeat","background-position":"center center","background-size":"auto","background-attachment":"scroll","background-type":"","background-media":"","overlay-type":"","overlay-color":"","overlay-opacity":"","overlay-gradient":""},"tablet":{"background-color":"","background-image":"","background-repeat":"repeat","background-position":"center center","background-size":"auto","background-attachment":"scroll","background-type":"","background-media":"","overlay-type":"","overlay-color":"","overlay-opacity":"","overlay-gradient":""},"mobile":{"background-color":"","background-image":"","background-repeat":"repeat","background-position":"center center","background-size":"auto","background-attachment":"scroll","background-type":"","background-media":"","overlay-type":"","overlay-color":"","overlay-opacity":"","overlay-gradient":""}},"ast-content-background-meta":{"desktop":{"background-color":"var(--ast-global-color-5)","background-image":"","background-repeat":"repeat","background-position":"center center","background-size":"auto","background-attachment":"scroll","background-type":"","background-media":"","overlay-type":"","overlay-color":"","overlay-opacity":"","overlay-gradient":""},"tablet":{"background-color":"var(--ast-global-color-5)","background-image":"","background-repeat":"repeat","background-position":"center center","background-size":"auto","background-attachment":"scroll","background-type":"","background-media":"","overlay-type":"","overlay-color":"","overlay-opacity":"","overlay-gradient":""},"mobile":{"background-color":"var(--ast-global-color-5)","background-image":"","background-repeat":"repeat","background-position":"center center","background-size":"auto","background-attachment":"scroll","background-type":"","background-media":"","overlay-type":"","overlay-color":"","overlay-opacity":"","overlay-gradient":""}},"footnotes":""},"class_list":["post-496","page","type-page","status-publish","hentry"],"yoast_head":"<!-- This site is optimized with the Yoast SEO plugin v27.5 - https:\/\/yoast.com\/product\/yoast-seo-wordpress\/ -->\n<title>Pintak\u00e4sittelyt - Astex Engineering Oy<\/title>\n<meta name=\"robots\" content=\"index, follow, max-snippet:-1, max-image-preview:large, max-video-preview:-1\" \/>\n<link rel=\"canonical\" href=\"https:\/\/astex.fi\/en\/pintakasittelyt\/\" \/>\n<meta property=\"og:locale\" content=\"en_US\" \/>\n<meta property=\"og:type\" content=\"article\" \/>\n<meta property=\"og:title\" content=\"Pintak\u00e4sittelyt - Astex Engineering Oy\" \/>\n<meta property=\"og:description\" content=\"PINTAK\u00c4SITTELYT ota yhteytt\u00e4 Viimeistely pintak\u00e4sittelyll\u00e4 vaatimusten mukaisesti Yrityksess\u00e4mme suoritetaan tarvittavat m\u00e4rk\u00e4maalaukset asiakkaiden vaatimusten mukaan. Kaikki maalattavat pinnat puhdistetaan hiekkapuhaltamalla ja tuotteet siirret\u00e4\u00e4n maalaukseen l\u00e4mpim\u00e4\u00e4n, kuivaan tilaan. Tyypillisi\u00e4 maalauksia ovat monikerronmaalaukset, joiden vahvuudet tarkastetaan aina ja tarvittaessa teemme mittap\u00f6yt\u00e4kirjat. Maalauksemme on eritt\u00e4in laadukasta ja korroosionkest\u00e4v\u00e4\u00e4 ja asiakkaamme ovat olleet tyytyv\u00e4isi\u00e4 toimintaamme. Muut pintak\u00e4sittelyt kuten sinkitys, nikkel\u00f6inti, [&hellip;]\" \/>\n<meta property=\"og:url\" content=\"https:\/\/astex.fi\/en\/pintakasittelyt\/\" \/>\n<meta property=\"og:site_name\" content=\"Astex Engineering Oy\" \/>\n<meta property=\"article:publisher\" content=\"https:\/\/www.facebook.com\/AstexEngineering\/\" \/>\n<meta property=\"article:modified_time\" content=\"2023-10-19T12:11:07+00:00\" \/>\n<meta property=\"og:image\" content=\"https:\/\/astex.fi\/wp-content\/uploads\/elementor\/thumbs\/P_20200826_110629_1-pbbwvbpvnf9sr356z89zasim8n5rvsqvbel3hf80p4.jpg\" \/>\n<meta name=\"twitter:card\" content=\"summary_large_image\" \/>\n<meta name=\"twitter:label1\" content=\"Est. reading time\" \/>\n\t<meta name=\"twitter:data1\" content=\"1 minute\" \/>\n<script type=\"application\/ld+json\" class=\"yoast-schema-graph\">{\"@context\":\"https:\\\/\\\/schema.org\",\"@graph\":[{\"@type\":\"WebPage\",\"@id\":\"https:\\\/\\\/astex.fi\\\/pintakasittelyt\\\/\",\"url\":\"https:\\\/\\\/astex.fi\\\/pintakasittelyt\\\/\",\"name\":\"Pintak\u00e4sittelyt - Astex Engineering Oy\",\"isPartOf\":{\"@id\":\"https:\\\/\\\/astex.fi\\\/#website\"},\"primaryImageOfPage\":{\"@id\":\"https:\\\/\\\/astex.fi\\\/pintakasittelyt\\\/#primaryimage\"},\"image\":{\"@id\":\"https:\\\/\\\/astex.fi\\\/pintakasittelyt\\\/#primaryimage\"},\"thumbnailUrl\":\"https:\\\/\\\/astex.fi\\\/wp-content\\\/uploads\\\/elementor\\\/thumbs\\\/P_20200826_110629_1-pbbwvbpvnf9sr356z89zasim8n5rvsqvbel3hf80p4.jpg\",\"datePublished\":\"2019-11-21T16:06:43+00:00\",\"dateModified\":\"2023-10-19T12:11:07+00:00\",\"breadcrumb\":{\"@id\":\"https:\\\/\\\/astex.fi\\\/pintakasittelyt\\\/#breadcrumb\"},\"inLanguage\":\"en-US\",\"potentialAction\":[{\"@type\":\"ReadAction\",\"target\":[\"https:\\\/\\\/astex.fi\\\/pintakasittelyt\\\/\"]}]},{\"@type\":\"ImageObject\",\"inLanguage\":\"en-US\",\"@id\":\"https:\\\/\\\/astex.fi\\\/pintakasittelyt\\\/#primaryimage\",\"url\":\"https:\\\/\\\/astex.fi\\\/wp-content\\\/uploads\\\/elementor\\\/thumbs\\\/P_20200826_110629_1-pbbwvbpvnf9sr356z89zasim8n5rvsqvbel3hf80p4.jpg\",\"contentUrl\":\"https:\\\/\\\/astex.fi\\\/wp-content\\\/uploads\\\/elementor\\\/thumbs\\\/P_20200826_110629_1-pbbwvbpvnf9sr356z89zasim8n5rvsqvbel3hf80p4.jpg\"},{\"@type\":\"BreadcrumbList\",\"@id\":\"https:\\\/\\\/astex.fi\\\/pintakasittelyt\\\/#breadcrumb\",\"itemListElement\":[{\"@type\":\"ListItem\",\"position\":1,\"name\":\"Home\",\"item\":\"https:\\\/\\\/astex.fi\\\/\"},{\"@type\":\"ListItem\",\"position\":2,\"name\":\"Pintak\u00e4sittelyt\"}]},{\"@type\":\"WebSite\",\"@id\":\"https:\\\/\\\/astex.fi\\\/#website\",\"url\":\"https:\\\/\\\/astex.fi\\\/\",\"name\":\"Astex Engineering Oy\",\"description\":\"Astex - apunasi vaativissa koneistust\u00f6iss\u00e4\",\"publisher\":{\"@id\":\"https:\\\/\\\/astex.fi\\\/#organization\"},\"potentialAction\":[{\"@type\":\"SearchAction\",\"target\":{\"@type\":\"EntryPoint\",\"urlTemplate\":\"https:\\\/\\\/astex.fi\\\/?s={search_term_string}\"},\"query-input\":{\"@type\":\"PropertyValueSpecification\",\"valueRequired\":true,\"valueName\":\"search_term_string\"}}],\"inLanguage\":\"en-US\"},{\"@type\":\"Organization\",\"@id\":\"https:\\\/\\\/astex.fi\\\/#organization\",\"name\":\"Astex Engineering Oy\",\"url\":\"https:\\\/\\\/astex.fi\\\/\",\"logo\":{\"@type\":\"ImageObject\",\"inLanguage\":\"en-US\",\"@id\":\"https:\\\/\\\/astex.fi\\\/#\\\/schema\\\/logo\\\/image\\\/\",\"url\":\"https:\\\/\\\/astex.fi\\\/wp-content\\\/uploads\\\/2018\\\/11\\\/ASTEX-ENGINEERING-logo-transparent-background-RGB-SIN-e1626952547971.png\",\"contentUrl\":\"https:\\\/\\\/astex.fi\\\/wp-content\\\/uploads\\\/2018\\\/11\\\/ASTEX-ENGINEERING-logo-transparent-background-RGB-SIN-e1626952547971.png\",\"width\":302,\"height\":62,\"caption\":\"Astex Engineering Oy\"},\"image\":{\"@id\":\"https:\\\/\\\/astex.fi\\\/#\\\/schema\\\/logo\\\/image\\\/\"},\"sameAs\":[\"https:\\\/\\\/www.facebook.com\\\/AstexEngineering\\\/\"]}]}<\/script>\n<!-- \/ Yoast SEO plugin. -->","yoast_head_json":{"title":"Pintak\u00e4sittelyt - Astex Engineering Oy","robots":{"index":"index","follow":"follow","max-snippet":"max-snippet:-1","max-image-preview":"max-image-preview:large","max-video-preview":"max-video-preview:-1"},"canonical":"https:\/\/astex.fi\/en\/pintakasittelyt\/","og_locale":"en_US","og_type":"article","og_title":"Pintak\u00e4sittelyt - Astex Engineering Oy","og_description":"PINTAK\u00c4SITTELYT ota yhteytt\u00e4 Viimeistely pintak\u00e4sittelyll\u00e4 vaatimusten mukaisesti Yrityksess\u00e4mme suoritetaan tarvittavat m\u00e4rk\u00e4maalaukset asiakkaiden vaatimusten mukaan. Kaikki maalattavat pinnat puhdistetaan hiekkapuhaltamalla ja tuotteet siirret\u00e4\u00e4n maalaukseen l\u00e4mpim\u00e4\u00e4n, kuivaan tilaan. Tyypillisi\u00e4 maalauksia ovat monikerronmaalaukset, joiden vahvuudet tarkastetaan aina ja tarvittaessa teemme mittap\u00f6yt\u00e4kirjat. Maalauksemme on eritt\u00e4in laadukasta ja korroosionkest\u00e4v\u00e4\u00e4 ja asiakkaamme ovat olleet tyytyv\u00e4isi\u00e4 toimintaamme. Muut pintak\u00e4sittelyt kuten sinkitys, nikkel\u00f6inti, [&hellip;]","og_url":"https:\/\/astex.fi\/en\/pintakasittelyt\/","og_site_name":"Astex Engineering Oy","article_publisher":"https:\/\/www.facebook.com\/AstexEngineering\/","article_modified_time":"2023-10-19T12:11:07+00:00","og_image":[{"url":"https:\/\/astex.fi\/wp-content\/uploads\/elementor\/thumbs\/P_20200826_110629_1-pbbwvbpvnf9sr356z89zasim8n5rvsqvbel3hf80p4.jpg","type":"","width":"","height":""}],"twitter_card":"summary_large_image","twitter_misc":{"Est. reading time":"1 minute"},"schema":{"@context":"https:\/\/schema.org","@graph":[{"@type":"WebPage","@id":"https:\/\/astex.fi\/pintakasittelyt\/","url":"https:\/\/astex.fi\/pintakasittelyt\/","name":"Pintak\u00e4sittelyt - Astex Engineering Oy","isPartOf":{"@id":"https:\/\/astex.fi\/#website"},"primaryImageOfPage":{"@id":"https:\/\/astex.fi\/pintakasittelyt\/#primaryimage"},"image":{"@id":"https:\/\/astex.fi\/pintakasittelyt\/#primaryimage"},"thumbnailUrl":"https:\/\/astex.fi\/wp-content\/uploads\/elementor\/thumbs\/P_20200826_110629_1-pbbwvbpvnf9sr356z89zasim8n5rvsqvbel3hf80p4.jpg","datePublished":"2019-11-21T16:06:43+00:00","dateModified":"2023-10-19T12:11:07+00:00","breadcrumb":{"@id":"https:\/\/astex.fi\/pintakasittelyt\/#breadcrumb"},"inLanguage":"en-US","potentialAction":[{"@type":"ReadAction","target":["https:\/\/astex.fi\/pintakasittelyt\/"]}]},{"@type":"ImageObject","inLanguage":"en-US","@id":"https:\/\/astex.fi\/pintakasittelyt\/#primaryimage","url":"https:\/\/astex.fi\/wp-content\/uploads\/elementor\/thumbs\/P_20200826_110629_1-pbbwvbpvnf9sr356z89zasim8n5rvsqvbel3hf80p4.jpg","contentUrl":"https:\/\/astex.fi\/wp-content\/uploads\/elementor\/thumbs\/P_20200826_110629_1-pbbwvbpvnf9sr356z89zasim8n5rvsqvbel3hf80p4.jpg"},{"@type":"BreadcrumbList","@id":"https:\/\/astex.fi\/pintakasittelyt\/#breadcrumb","itemListElement":[{"@type":"ListItem","position":1,"name":"Home","item":"https:\/\/astex.fi\/"},{"@type":"ListItem","position":2,"name":"Pintak\u00e4sittelyt"}]},{"@type":"WebSite","@id":"https:\/\/astex.fi\/#website","url":"https:\/\/astex.fi\/","name":"Astex Engineering Oy","description":"Astex - apunasi vaativissa koneistust\u00f6iss\u00e4","publisher":{"@id":"https:\/\/astex.fi\/#organization"},"potentialAction":[{"@type":"SearchAction","target":{"@type":"EntryPoint","urlTemplate":"https:\/\/astex.fi\/?s={search_term_string}"},"query-input":{"@type":"PropertyValueSpecification","valueRequired":true,"valueName":"search_term_string"}}],"inLanguage":"en-US"},{"@type":"Organization","@id":"https:\/\/astex.fi\/#organization","name":"Astex Engineering Oy","url":"https:\/\/astex.fi\/","logo":{"@type":"ImageObject","inLanguage":"en-US","@id":"https:\/\/astex.fi\/#\/schema\/logo\/image\/","url":"https:\/\/astex.fi\/wp-content\/uploads\/2018\/11\/ASTEX-ENGINEERING-logo-transparent-background-RGB-SIN-e1626952547971.png","contentUrl":"https:\/\/astex.fi\/wp-content\/uploads\/2018\/11\/ASTEX-ENGINEERING-logo-transparent-background-RGB-SIN-e1626952547971.png","width":302,"height":62,"caption":"Astex Engineering Oy"},"image":{"@id":"https:\/\/astex.fi\/#\/schema\/logo\/image\/"},"sameAs":["https:\/\/www.facebook.com\/AstexEngineering\/"]}]}},"uagb_featured_image_src":{"full":false,"thumbnail":false,"medium":false,"medium_large":false,"large":false,"1536x1536":false,"2048x2048":false,"trp-custom-language-flag":false},"uagb_author_info":{"display_name":"Petri Lammi","author_link":"http:\/\/astex.fi\/en\/author\/petri-lammiastex-fi\/"},"uagb_comment_info":0,"uagb_excerpt":"PINTAK\u00c4SITTELYT ota yhteytt\u00e4 Viimeistely pintak\u00e4sittelyll\u00e4 vaatimusten mukaisesti Yrityksess\u00e4mme suoritetaan tarvittavat m\u00e4rk\u00e4maalaukset asiakkaiden vaatimusten mukaan. Kaikki maalattavat pinnat puhdistetaan hiekkapuhaltamalla ja tuotteet siirret\u00e4\u00e4n maalaukseen l\u00e4mpim\u00e4\u00e4n, kuivaan tilaan. Tyypillisi\u00e4 maalauksia ovat monikerronmaalaukset, joiden vahvuudet tarkastetaan aina ja tarvittaessa teemme mittap\u00f6yt\u00e4kirjat. Maalauksemme on eritt\u00e4in laadukasta ja korroosionkest\u00e4v\u00e4\u00e4 ja asiakkaamme ovat olleet tyytyv\u00e4isi\u00e4 toimintaamme. Muut pintak\u00e4sittelyt kuten sinkitys, nikkel\u00f6inti,&hellip;","_links":{"self":[{"href":"http:\/\/astex.fi\/en\/wp-json\/wp\/v2\/pages\/496","targetHints":{"allow":["GET"]}}],"collection":[{"href":"http:\/\/astex.fi\/en\/wp-json\/wp\/v2\/pages"}],"about":[{"href":"http:\/\/astex.fi\/en\/wp-json\/wp\/v2\/types\/page"}],"author":[{"embeddable":true,"href":"http:\/\/astex.fi\/en\/wp-json\/wp\/v2\/users\/5"}],"replies":[{"embeddable":true,"href":"http:\/\/astex.fi\/en\/wp-json\/wp\/v2\/comments?post=496"}],"version-history":[{"count":24,"href":"http:\/\/astex.fi\/en\/wp-json\/wp\/v2\/pages\/496\/revisions"}],"predecessor-version":[{"id":3260,"href":"http:\/\/astex.fi\/en\/wp-json\/wp\/v2\/pages\/496\/revisions\/3260"}],"wp:attachment":[{"href":"http:\/\/astex.fi\/en\/wp-json\/wp\/v2\/media?parent=496"}],"curies":[{"name":"wp","href":"https:\/\/api.w.org\/{rel}","templated":true}]}}