{"id":396,"date":"2019-11-19T12:30:11","date_gmt":"2019-11-19T10:30:11","guid":{"rendered":"http:\/\/astex.fi\/wordpress2\/?page_id=396"},"modified":"2023-10-19T15:10:14","modified_gmt":"2023-10-19T12:10:14","slug":"hitsaus","status":"publish","type":"page","link":"http:\/\/astex.fi\/en\/hitsaus\/","title":{"rendered":"Welding"},"content":{"rendered":"<div data-elementor-type=\"wp-page\" data-elementor-id=\"396\" class=\"elementor elementor-396\">\n\t\t\t\t\t\t<section class=\"elementor-section elementor-top-section elementor-element elementor-element-9dd7b38 elementor-section-full_width elementor-section-height-default elementor-section-height-default\" data-id=\"9dd7b38\" data-element_type=\"section\" data-e-type=\"section\" data-settings=\"{&quot;background_background&quot;:&quot;classic&quot;}\">\n\t\t\t\t\t\t<div class=\"elementor-container elementor-column-gap-default\">\n\t\t\t\t\t<div class=\"elementor-column elementor-col-100 elementor-top-column elementor-element elementor-element-bb8ef79\" data-id=\"bb8ef79\" data-element_type=\"column\" data-e-type=\"column\">\n\t\t\t<div class=\"elementor-widget-wrap elementor-element-populated\">\n\t\t\t\t\t\t<div class=\"elementor-element elementor-element-83a9974 elementor-widget-mobile__width-initial elementor-widget elementor-widget-heading\" data-id=\"83a9974\" data-element_type=\"widget\" data-e-type=\"widget\" data-widget_type=\"heading.default\">\n\t\t\t\t<div class=\"elementor-widget-container\">\n\t\t\t\t\t<h1 class=\"elementor-heading-title elementor-size-large\">WELDING<\/h1>\t\t\t\t<\/div>\n\t\t\t\t<\/div>\n\t\t\t\t<div class=\"elementor-element elementor-element-29ccdc6 elementor-align-center elementor-mobile-align-center elementor-widget-mobile__width-initial elementor-widget elementor-widget-button\" data-id=\"29ccdc6\" data-element_type=\"widget\" data-e-type=\"widget\" data-widget_type=\"button.default\">\n\t\t\t\t<div class=\"elementor-widget-container\">\n\t\t\t\t\t\t\t\t\t<div class=\"elementor-button-wrapper\">\n\t\t\t\t\t<a class=\"elementor-button elementor-button-link elementor-size-md elementor-animation-grow\" href=\"http:\/\/astex.fi\/en\/yhteystiedot\/\">\n\t\t\t\t\t\t<span class=\"elementor-button-content-wrapper\">\n\t\t\t\t\t\t\t\t\t<span class=\"elementor-button-text\">PLEASE CONTACT US<\/span>\n\t\t\t\t\t<\/span>\n\t\t\t\t\t<\/a>\n\t\t\t\t<\/div>\n\t\t\t\t\t\t\t\t<\/div>\n\t\t\t\t<\/div>\n\t\t\t\t\t<\/div>\n\t\t<\/div>\n\t\t\t\t\t<\/div>\n\t\t<\/section>\n\t\t\t\t<section class=\"elementor-section elementor-top-section elementor-element elementor-element-a2efc34 elementor-section-boxed elementor-section-height-default elementor-section-height-default\" data-id=\"a2efc34\" data-element_type=\"section\" data-e-type=\"section\" data-settings=\"{&quot;background_background&quot;:&quot;classic&quot;}\">\n\t\t\t\t\t\t\t<div class=\"elementor-background-overlay\"><\/div>\n\t\t\t\t\t\t\t<div class=\"elementor-container elementor-column-gap-default\">\n\t\t\t\t\t<div class=\"elementor-column elementor-col-100 elementor-top-column elementor-element elementor-element-394fdcc\" data-id=\"394fdcc\" data-element_type=\"column\" data-e-type=\"column\">\n\t\t\t<div class=\"elementor-widget-wrap elementor-element-populated\">\n\t\t\t\t\t\t<div class=\"elementor-element elementor-element-c16a1f5 elementor-widget elementor-widget-spacer\" data-id=\"c16a1f5\" data-element_type=\"widget\" data-e-type=\"widget\" data-widget_type=\"spacer.default\">\n\t\t\t\t<div class=\"elementor-widget-container\">\n\t\t\t\t\t\t\t<div class=\"elementor-spacer\">\n\t\t\t<div class=\"elementor-spacer-inner\"><\/div>\n\t\t<\/div>\n\t\t\t\t\t\t<\/div>\n\t\t\t\t<\/div>\n\t\t\t\t<div class=\"elementor-element elementor-element-ac29dcb elementor-widget elementor-widget-heading\" data-id=\"ac29dcb\" data-element_type=\"widget\" data-e-type=\"widget\" data-widget_type=\"heading.default\">\n\t\t\t\t<div class=\"elementor-widget-container\">\n\t\t\t\t\t<h2 class=\"elementor-heading-title elementor-size-default\">Versatile methods and equipments<\/h2>\t\t\t\t<\/div>\n\t\t\t\t<\/div>\n\t\t\t\t<div class=\"elementor-element elementor-element-0f8fd8b elementor-widget elementor-widget-spacer\" data-id=\"0f8fd8b\" data-element_type=\"widget\" data-e-type=\"widget\" data-widget_type=\"spacer.default\">\n\t\t\t\t<div class=\"elementor-widget-container\">\n\t\t\t\t\t\t\t<div class=\"elementor-spacer\">\n\t\t\t<div class=\"elementor-spacer-inner\"><\/div>\n\t\t<\/div>\n\t\t\t\t\t\t<\/div>\n\t\t\t\t<\/div>\n\t\t\t\t\t<\/div>\n\t\t<\/div>\n\t\t\t\t\t<\/div>\n\t\t<\/section>\n\t\t\t\t<section class=\"elementor-section elementor-top-section elementor-element elementor-element-204713f elementor-section-boxed elementor-section-height-default elementor-section-height-default\" data-id=\"204713f\" data-element_type=\"section\" data-e-type=\"section\" data-settings=\"{&quot;background_background&quot;:&quot;classic&quot;}\">\n\t\t\t\t\t\t\t<div class=\"elementor-background-overlay\"><\/div>\n\t\t\t\t\t\t\t<div class=\"elementor-container elementor-column-gap-default\">\n\t\t\t\t\t<div class=\"elementor-column elementor-col-50 elementor-top-column elementor-element elementor-element-ba7a3a8\" data-id=\"ba7a3a8\" data-element_type=\"column\" data-e-type=\"column\">\n\t\t\t<div class=\"elementor-widget-wrap elementor-element-populated\">\n\t\t\t\t\t\t<div class=\"elementor-element elementor-element-68a6845 elementor-widget elementor-widget-image\" data-id=\"68a6845\" data-element_type=\"widget\" data-e-type=\"widget\" data-widget_type=\"image.default\">\n\t\t\t\t<div class=\"elementor-widget-container\">\n\t\t\t\t\t\t\t\t\t\t\t\t\t\t\t<img fetchpriority=\"high\" decoding=\"async\" width=\"768\" height=\"770\" src=\"https:\/\/astex.fi\/wp-content\/uploads\/2019\/11\/hitsaus-2-768x770.jpg\" class=\"attachment-medium_large size-medium_large wp-image-712\" alt=\"\" srcset=\"https:\/\/astex.fi\/wp-content\/uploads\/2019\/11\/hitsaus-2-768x770.jpg 768w, https:\/\/astex.fi\/wp-content\/uploads\/2019\/11\/hitsaus-2-150x150.jpg 150w, https:\/\/astex.fi\/wp-content\/uploads\/2019\/11\/hitsaus-2-300x300.jpg 300w, https:\/\/astex.fi\/wp-content\/uploads\/2019\/11\/hitsaus-2-1022x1024.jpg 1022w, https:\/\/astex.fi\/wp-content\/uploads\/2019\/11\/hitsaus-2-e1626953081212.jpg 463w\" sizes=\"(max-width: 768px) 100vw, 768px\" \/>\t\t\t\t\t\t\t\t\t\t\t\t\t\t\t<\/div>\n\t\t\t\t<\/div>\n\t\t\t\t<div class=\"elementor-element elementor-element-d5b078e elementor-widget elementor-widget-spacer\" data-id=\"d5b078e\" data-element_type=\"widget\" data-e-type=\"widget\" data-widget_type=\"spacer.default\">\n\t\t\t\t<div class=\"elementor-widget-container\">\n\t\t\t\t\t\t\t<div class=\"elementor-spacer\">\n\t\t\t<div class=\"elementor-spacer-inner\"><\/div>\n\t\t<\/div>\n\t\t\t\t\t\t<\/div>\n\t\t\t\t<\/div>\n\t\t\t\t<div class=\"elementor-element elementor-element-c8866d3 elementor-widget elementor-widget-video\" data-id=\"c8866d3\" data-element_type=\"widget\" data-e-type=\"widget\" data-settings=\"{&quot;youtube_url&quot;:&quot;https:\\\/\\\/youtu.be\\\/VXWv_lgo3iw&quot;,&quot;video_type&quot;:&quot;youtube&quot;,&quot;controls&quot;:&quot;yes&quot;}\" data-widget_type=\"video.default\">\n\t\t\t\t<div class=\"elementor-widget-container\">\n\t\t\t\t\t\t\t<div class=\"elementor-wrapper elementor-open-inline\">\n\t\t\t<div class=\"elementor-video\"><\/div>\t\t<\/div>\n\t\t\t\t\t\t<\/div>\n\t\t\t\t<\/div>\n\t\t\t\t<div class=\"elementor-element elementor-element-1ae52e2 elementor-widget elementor-widget-spacer\" data-id=\"1ae52e2\" data-element_type=\"widget\" data-e-type=\"widget\" data-widget_type=\"spacer.default\">\n\t\t\t\t<div class=\"elementor-widget-container\">\n\t\t\t\t\t\t\t<div class=\"elementor-spacer\">\n\t\t\t<div class=\"elementor-spacer-inner\"><\/div>\n\t\t<\/div>\n\t\t\t\t\t\t<\/div>\n\t\t\t\t<\/div>\n\t\t\t\t\t<\/div>\n\t\t<\/div>\n\t\t\t\t<div class=\"elementor-column elementor-col-50 elementor-top-column elementor-element elementor-element-86043a3\" data-id=\"86043a3\" data-element_type=\"column\" data-e-type=\"column\">\n\t\t\t<div class=\"elementor-widget-wrap elementor-element-populated\">\n\t\t\t\t\t\t<div class=\"elementor-element elementor-element-dd15e49 elementor-widget elementor-widget-text-editor\" data-id=\"dd15e49\" data-element_type=\"widget\" data-e-type=\"widget\" data-widget_type=\"text-editor.default\">\n\t\t\t\t<div class=\"elementor-widget-container\">\n\t\t\t\t\t\t\t\t\t<p>Welding supports our overall philosophy as a service company.<\/p><p>We weld both sheet metal and stronger steel using the tig and Mig \/ Mag methods. Products vary according to customers and our high-quality welders are ready to take on customers challenges.<\/p><p>Often, welding requires NDT or other non-destructive inspections that we provide as a service with the cooperation of our partners.<\/p><p>In addition to base plate working machines, our welding shop has modern welding equipment. We weld various steel grades every day, such as stainless or acid-resistant steel and aluminum.<\/p><p>Our welding shop is certified according to ISO 3834.<\/p>\t\t\t\t\t\t\t\t<\/div>\n\t\t\t\t<\/div>\n\t\t\t\t<div class=\"elementor-element elementor-element-70dc1fe elementor-align-left elementor-widget elementor-widget-button\" data-id=\"70dc1fe\" data-element_type=\"widget\" data-e-type=\"widget\" data-widget_type=\"button.default\">\n\t\t\t\t<div class=\"elementor-widget-container\">\n\t\t\t\t\t\t\t\t\t<div class=\"elementor-button-wrapper\">\n\t\t\t\t\t<a class=\"elementor-button elementor-button-link elementor-size-lg elementor-animation-grow\" href=\"http:\/\/astex.fi\/en\/konekanta\/\">\n\t\t\t\t\t\t<span class=\"elementor-button-content-wrapper\">\n\t\t\t\t\t\t\t\t\t<span class=\"elementor-button-text\">READ FURTHER ABOUT OUR MACHINERY<\/span>\n\t\t\t\t\t<\/span>\n\t\t\t\t\t<\/a>\n\t\t\t\t<\/div>\n\t\t\t\t\t\t\t\t<\/div>\n\t\t\t\t<\/div>\n\t\t\t\t<div class=\"elementor-element elementor-element-1464f06 elementor-widget elementor-widget-spacer\" data-id=\"1464f06\" data-element_type=\"widget\" data-e-type=\"widget\" data-widget_type=\"spacer.default\">\n\t\t\t\t<div class=\"elementor-widget-container\">\n\t\t\t\t\t\t\t<div class=\"elementor-spacer\">\n\t\t\t<div class=\"elementor-spacer-inner\"><\/div>\n\t\t<\/div>\n\t\t\t\t\t\t<\/div>\n\t\t\t\t<\/div>\n\t\t\t\t\t<\/div>\n\t\t<\/div>\n\t\t\t\t\t<\/div>\n\t\t<\/section>\n\t\t\t\t<section class=\"elementor-section elementor-top-section elementor-element elementor-element-9c74446 elementor-section-height-min-height elementor-section-boxed elementor-section-height-default elementor-section-items-middle\" data-id=\"9c74446\" data-element_type=\"section\" data-e-type=\"section\" data-settings=\"{&quot;background_background&quot;:&quot;classic&quot;}\">\n\t\t\t\t\t\t\t<div class=\"elementor-background-overlay\"><\/div>\n\t\t\t\t\t\t\t<div class=\"elementor-container elementor-column-gap-default\">\n\t\t\t\t\t<div class=\"elementor-column elementor-col-100 elementor-top-column elementor-element elementor-element-4d57a07\" data-id=\"4d57a07\" data-element_type=\"column\" data-e-type=\"column\">\n\t\t\t<div class=\"elementor-widget-wrap elementor-element-populated\">\n\t\t\t\t\t\t<div class=\"elementor-element elementor-element-f5e14b1 elementor-widget elementor-widget-heading\" data-id=\"f5e14b1\" data-element_type=\"widget\" data-e-type=\"widget\" data-widget_type=\"heading.default\">\n\t\t\t\t<div class=\"elementor-widget-container\">\n\t\t\t\t\t<h3 class=\"elementor-heading-title elementor-size-default\">We are here to serve.<\/h3>\t\t\t\t<\/div>\n\t\t\t\t<\/div>\n\t\t\t\t<div class=\"elementor-element elementor-element-ffb468b elementor-align-center elementor-widget elementor-widget-button\" data-id=\"ffb468b\" data-element_type=\"widget\" data-e-type=\"widget\" data-widget_type=\"button.default\">\n\t\t\t\t<div class=\"elementor-widget-container\">\n\t\t\t\t\t\t\t\t\t<div class=\"elementor-button-wrapper\">\n\t\t\t\t\t<a class=\"elementor-button elementor-button-link elementor-size-md elementor-animation-grow\" href=\"http:\/\/astex.fi\/en\/yhteystiedot\/\">\n\t\t\t\t\t\t<span class=\"elementor-button-content-wrapper\">\n\t\t\t\t\t\t\t\t\t<span class=\"elementor-button-text\">PLEASE CONTACT US<\/span>\n\t\t\t\t\t<\/span>\n\t\t\t\t\t<\/a>\n\t\t\t\t<\/div>\n\t\t\t\t\t\t\t\t<\/div>\n\t\t\t\t<\/div>\n\t\t\t\t\t<\/div>\n\t\t<\/div>\n\t\t\t\t\t<\/div>\n\t\t<\/section>\n\t\t\t\t<\/div>","protected":false},"excerpt":{"rendered":"<p>HITSAUS ota yhteytt\u00e4 Monipuoliset menetelm\u00e4t ja laitteet Hitsaus tukee kokonaisfilosofiaamme palvelua tarjoavana yrityksen\u00e4. Hitsaamme Tig- ja Mig\/Mag-menetelmill\u00e4 sek\u00e4 ohutlevy\u00e4 ett\u00e4 vahvempaa ter\u00e4st\u00e4. Tuotteet vaihtelevat asiakkaiden mukaan ja laadukkaat hitsaajamme ovat valmiina vastaamaan asiakkaiden haasteisiin. Usein hitsaukset vaativat NDT- tai muita ainetta rikkomattomia tarkastuksia, jotka tarjoamme palveluna yhteisty\u00f6kumppaneittemme avulla. Hitsaamostamme l\u00f6ytyy peruslevyty\u00f6koneiden lis\u00e4ksi modernit hitsauslaitteet. Hitsaamme [&hellip;]<\/p>\n","protected":false},"author":5,"featured_media":0,"parent":0,"menu_order":4,"comment_status":"closed","ping_status":"closed","template":"","meta":{"_uag_custom_page_level_css":"","site-sidebar-layout":"no-sidebar","site-content-layout":"page-builder","ast-site-content-layout":"default","site-content-style":"default","site-sidebar-style":"default","ast-global-header-display":"","ast-banner-title-visibility":"","ast-main-header-display":"","ast-hfb-above-header-display":"","ast-hfb-below-header-display":"","ast-hfb-mobile-header-display":"","site-post-title":"disabled","ast-breadcrumbs-content":"","ast-featured-img":"disabled","footer-sml-layout":"","ast-disable-related-posts":"","theme-transparent-header-meta":"default","adv-header-id-meta":"","stick-header-meta":"","header-above-stick-meta":"","header-main-stick-meta":"","header-below-stick-meta":"","astra-migrate-meta-layouts":"default","ast-page-background-enabled":"default","ast-page-background-meta":{"desktop":{"background-color":"","background-image":"","background-repeat":"repeat","background-position":"center center","background-size":"auto","background-attachment":"scroll","background-type":"","background-media":"","overlay-type":"","overlay-color":"","overlay-opacity":"","overlay-gradient":""},"tablet":{"background-color":"","background-image":"","background-repeat":"repeat","background-position":"center center","background-size":"auto","background-attachment":"scroll","background-type":"","background-media":"","overlay-type":"","overlay-color":"","overlay-opacity":"","overlay-gradient":""},"mobile":{"background-color":"","background-image":"","background-repeat":"repeat","background-position":"center center","background-size":"auto","background-attachment":"scroll","background-type":"","background-media":"","overlay-type":"","overlay-color":"","overlay-opacity":"","overlay-gradient":""}},"ast-content-background-meta":{"desktop":{"background-color":"var(--ast-global-color-5)","background-image":"","background-repeat":"repeat","background-position":"center center","background-size":"auto","background-attachment":"scroll","background-type":"","background-media":"","overlay-type":"","overlay-color":"","overlay-opacity":"","overlay-gradient":""},"tablet":{"background-color":"var(--ast-global-color-5)","background-image":"","background-repeat":"repeat","background-position":"center center","background-size":"auto","background-attachment":"scroll","background-type":"","background-media":"","overlay-type":"","overlay-color":"","overlay-opacity":"","overlay-gradient":""},"mobile":{"background-color":"var(--ast-global-color-5)","background-image":"","background-repeat":"repeat","background-position":"center center","background-size":"auto","background-attachment":"scroll","background-type":"","background-media":"","overlay-type":"","overlay-color":"","overlay-opacity":"","overlay-gradient":""}},"footnotes":""},"class_list":["post-396","page","type-page","status-publish","hentry"],"yoast_head":"<!-- This site is optimized with the Yoast SEO plugin v27.5 - https:\/\/yoast.com\/product\/yoast-seo-wordpress\/ -->\n<title>Hitsaus - Astex Engineering Oy<\/title>\n<meta name=\"robots\" content=\"index, follow, max-snippet:-1, max-image-preview:large, max-video-preview:-1\" \/>\n<link rel=\"canonical\" href=\"https:\/\/astex.fi\/en\/hitsaus\/\" \/>\n<meta property=\"og:locale\" content=\"en_US\" \/>\n<meta property=\"og:type\" content=\"article\" \/>\n<meta property=\"og:title\" content=\"Hitsaus - Astex Engineering Oy\" \/>\n<meta property=\"og:description\" content=\"HITSAUS ota yhteytt\u00e4 Monipuoliset menetelm\u00e4t ja laitteet Hitsaus tukee kokonaisfilosofiaamme palvelua tarjoavana yrityksen\u00e4. Hitsaamme Tig- ja Mig\/Mag-menetelmill\u00e4 sek\u00e4 ohutlevy\u00e4 ett\u00e4 vahvempaa ter\u00e4st\u00e4. Tuotteet vaihtelevat asiakkaiden mukaan ja laadukkaat hitsaajamme ovat valmiina vastaamaan asiakkaiden haasteisiin. Usein hitsaukset vaativat NDT- tai muita ainetta rikkomattomia tarkastuksia, jotka tarjoamme palveluna yhteisty\u00f6kumppaneittemme avulla. Hitsaamostamme l\u00f6ytyy peruslevyty\u00f6koneiden lis\u00e4ksi modernit hitsauslaitteet. Hitsaamme [&hellip;]\" \/>\n<meta property=\"og:url\" content=\"https:\/\/astex.fi\/en\/hitsaus\/\" \/>\n<meta property=\"og:site_name\" content=\"Astex Engineering Oy\" \/>\n<meta property=\"article:publisher\" content=\"https:\/\/www.facebook.com\/AstexEngineering\/\" \/>\n<meta property=\"article:modified_time\" content=\"2023-10-19T12:10:14+00:00\" \/>\n<meta property=\"og:image\" content=\"https:\/\/astex.fi\/wp-content\/uploads\/2019\/11\/hitsaus-2-768x770.jpg\" \/>\n<meta name=\"twitter:card\" content=\"summary_large_image\" \/>\n<meta name=\"twitter:label1\" content=\"Est. reading time\" \/>\n\t<meta name=\"twitter:data1\" content=\"1 minute\" \/>\n<script type=\"application\/ld+json\" class=\"yoast-schema-graph\">{\"@context\":\"https:\\\/\\\/schema.org\",\"@graph\":[{\"@type\":\"WebPage\",\"@id\":\"https:\\\/\\\/astex.fi\\\/hitsaus\\\/\",\"url\":\"https:\\\/\\\/astex.fi\\\/hitsaus\\\/\",\"name\":\"Hitsaus - Astex Engineering Oy\",\"isPartOf\":{\"@id\":\"https:\\\/\\\/astex.fi\\\/#website\"},\"primaryImageOfPage\":{\"@id\":\"https:\\\/\\\/astex.fi\\\/hitsaus\\\/#primaryimage\"},\"image\":{\"@id\":\"https:\\\/\\\/astex.fi\\\/hitsaus\\\/#primaryimage\"},\"thumbnailUrl\":\"https:\\\/\\\/astex.fi\\\/wp-content\\\/uploads\\\/2019\\\/11\\\/hitsaus-2-768x770.jpg\",\"datePublished\":\"2019-11-19T10:30:11+00:00\",\"dateModified\":\"2023-10-19T12:10:14+00:00\",\"breadcrumb\":{\"@id\":\"https:\\\/\\\/astex.fi\\\/hitsaus\\\/#breadcrumb\"},\"inLanguage\":\"en-US\",\"potentialAction\":[{\"@type\":\"ReadAction\",\"target\":[\"https:\\\/\\\/astex.fi\\\/hitsaus\\\/\"]}]},{\"@type\":\"ImageObject\",\"inLanguage\":\"en-US\",\"@id\":\"https:\\\/\\\/astex.fi\\\/hitsaus\\\/#primaryimage\",\"url\":\"https:\\\/\\\/astex.fi\\\/wp-content\\\/uploads\\\/2019\\\/11\\\/hitsaus-2-768x770.jpg\",\"contentUrl\":\"https:\\\/\\\/astex.fi\\\/wp-content\\\/uploads\\\/2019\\\/11\\\/hitsaus-2-768x770.jpg\"},{\"@type\":\"BreadcrumbList\",\"@id\":\"https:\\\/\\\/astex.fi\\\/hitsaus\\\/#breadcrumb\",\"itemListElement\":[{\"@type\":\"ListItem\",\"position\":1,\"name\":\"Home\",\"item\":\"https:\\\/\\\/astex.fi\\\/\"},{\"@type\":\"ListItem\",\"position\":2,\"name\":\"Hitsaus\"}]},{\"@type\":\"WebSite\",\"@id\":\"https:\\\/\\\/astex.fi\\\/#website\",\"url\":\"https:\\\/\\\/astex.fi\\\/\",\"name\":\"Astex Engineering Oy\",\"description\":\"Astex - apunasi vaativissa koneistust\u00f6iss\u00e4\",\"publisher\":{\"@id\":\"https:\\\/\\\/astex.fi\\\/#organization\"},\"potentialAction\":[{\"@type\":\"SearchAction\",\"target\":{\"@type\":\"EntryPoint\",\"urlTemplate\":\"https:\\\/\\\/astex.fi\\\/?s={search_term_string}\"},\"query-input\":{\"@type\":\"PropertyValueSpecification\",\"valueRequired\":true,\"valueName\":\"search_term_string\"}}],\"inLanguage\":\"en-US\"},{\"@type\":\"Organization\",\"@id\":\"https:\\\/\\\/astex.fi\\\/#organization\",\"name\":\"Astex Engineering Oy\",\"url\":\"https:\\\/\\\/astex.fi\\\/\",\"logo\":{\"@type\":\"ImageObject\",\"inLanguage\":\"en-US\",\"@id\":\"https:\\\/\\\/astex.fi\\\/#\\\/schema\\\/logo\\\/image\\\/\",\"url\":\"https:\\\/\\\/astex.fi\\\/wp-content\\\/uploads\\\/2018\\\/11\\\/ASTEX-ENGINEERING-logo-transparent-background-RGB-SIN-e1626952547971.png\",\"contentUrl\":\"https:\\\/\\\/astex.fi\\\/wp-content\\\/uploads\\\/2018\\\/11\\\/ASTEX-ENGINEERING-logo-transparent-background-RGB-SIN-e1626952547971.png\",\"width\":302,\"height\":62,\"caption\":\"Astex Engineering Oy\"},\"image\":{\"@id\":\"https:\\\/\\\/astex.fi\\\/#\\\/schema\\\/logo\\\/image\\\/\"},\"sameAs\":[\"https:\\\/\\\/www.facebook.com\\\/AstexEngineering\\\/\"]}]}<\/script>\n<!-- \/ Yoast SEO plugin. -->","yoast_head_json":{"title":"Hitsaus - Astex Engineering Oy","robots":{"index":"index","follow":"follow","max-snippet":"max-snippet:-1","max-image-preview":"max-image-preview:large","max-video-preview":"max-video-preview:-1"},"canonical":"https:\/\/astex.fi\/en\/hitsaus\/","og_locale":"en_US","og_type":"article","og_title":"Hitsaus - Astex Engineering Oy","og_description":"HITSAUS ota yhteytt\u00e4 Monipuoliset menetelm\u00e4t ja laitteet Hitsaus tukee kokonaisfilosofiaamme palvelua tarjoavana yrityksen\u00e4. Hitsaamme Tig- ja Mig\/Mag-menetelmill\u00e4 sek\u00e4 ohutlevy\u00e4 ett\u00e4 vahvempaa ter\u00e4st\u00e4. Tuotteet vaihtelevat asiakkaiden mukaan ja laadukkaat hitsaajamme ovat valmiina vastaamaan asiakkaiden haasteisiin. Usein hitsaukset vaativat NDT- tai muita ainetta rikkomattomia tarkastuksia, jotka tarjoamme palveluna yhteisty\u00f6kumppaneittemme avulla. Hitsaamostamme l\u00f6ytyy peruslevyty\u00f6koneiden lis\u00e4ksi modernit hitsauslaitteet. Hitsaamme [&hellip;]","og_url":"https:\/\/astex.fi\/en\/hitsaus\/","og_site_name":"Astex Engineering Oy","article_publisher":"https:\/\/www.facebook.com\/AstexEngineering\/","article_modified_time":"2023-10-19T12:10:14+00:00","og_image":[{"url":"https:\/\/astex.fi\/wp-content\/uploads\/2019\/11\/hitsaus-2-768x770.jpg","type":"","width":"","height":""}],"twitter_card":"summary_large_image","twitter_misc":{"Est. reading time":"1 minute"},"schema":{"@context":"https:\/\/schema.org","@graph":[{"@type":"WebPage","@id":"https:\/\/astex.fi\/hitsaus\/","url":"https:\/\/astex.fi\/hitsaus\/","name":"Hitsaus - Astex Engineering Oy","isPartOf":{"@id":"https:\/\/astex.fi\/#website"},"primaryImageOfPage":{"@id":"https:\/\/astex.fi\/hitsaus\/#primaryimage"},"image":{"@id":"https:\/\/astex.fi\/hitsaus\/#primaryimage"},"thumbnailUrl":"https:\/\/astex.fi\/wp-content\/uploads\/2019\/11\/hitsaus-2-768x770.jpg","datePublished":"2019-11-19T10:30:11+00:00","dateModified":"2023-10-19T12:10:14+00:00","breadcrumb":{"@id":"https:\/\/astex.fi\/hitsaus\/#breadcrumb"},"inLanguage":"en-US","potentialAction":[{"@type":"ReadAction","target":["https:\/\/astex.fi\/hitsaus\/"]}]},{"@type":"ImageObject","inLanguage":"en-US","@id":"https:\/\/astex.fi\/hitsaus\/#primaryimage","url":"https:\/\/astex.fi\/wp-content\/uploads\/2019\/11\/hitsaus-2-768x770.jpg","contentUrl":"https:\/\/astex.fi\/wp-content\/uploads\/2019\/11\/hitsaus-2-768x770.jpg"},{"@type":"BreadcrumbList","@id":"https:\/\/astex.fi\/hitsaus\/#breadcrumb","itemListElement":[{"@type":"ListItem","position":1,"name":"Home","item":"https:\/\/astex.fi\/"},{"@type":"ListItem","position":2,"name":"Hitsaus"}]},{"@type":"WebSite","@id":"https:\/\/astex.fi\/#website","url":"https:\/\/astex.fi\/","name":"Astex Engineering Oy","description":"Astex - apunasi vaativissa koneistust\u00f6iss\u00e4","publisher":{"@id":"https:\/\/astex.fi\/#organization"},"potentialAction":[{"@type":"SearchAction","target":{"@type":"EntryPoint","urlTemplate":"https:\/\/astex.fi\/?s={search_term_string}"},"query-input":{"@type":"PropertyValueSpecification","valueRequired":true,"valueName":"search_term_string"}}],"inLanguage":"en-US"},{"@type":"Organization","@id":"https:\/\/astex.fi\/#organization","name":"Astex Engineering Oy","url":"https:\/\/astex.fi\/","logo":{"@type":"ImageObject","inLanguage":"en-US","@id":"https:\/\/astex.fi\/#\/schema\/logo\/image\/","url":"https:\/\/astex.fi\/wp-content\/uploads\/2018\/11\/ASTEX-ENGINEERING-logo-transparent-background-RGB-SIN-e1626952547971.png","contentUrl":"https:\/\/astex.fi\/wp-content\/uploads\/2018\/11\/ASTEX-ENGINEERING-logo-transparent-background-RGB-SIN-e1626952547971.png","width":302,"height":62,"caption":"Astex Engineering Oy"},"image":{"@id":"https:\/\/astex.fi\/#\/schema\/logo\/image\/"},"sameAs":["https:\/\/www.facebook.com\/AstexEngineering\/"]}]}},"uagb_featured_image_src":{"full":false,"thumbnail":false,"medium":false,"medium_large":false,"large":false,"1536x1536":false,"2048x2048":false,"trp-custom-language-flag":false},"uagb_author_info":{"display_name":"Petri Lammi","author_link":"http:\/\/astex.fi\/en\/author\/petri-lammiastex-fi\/"},"uagb_comment_info":0,"uagb_excerpt":"HITSAUS ota yhteytt\u00e4 Monipuoliset menetelm\u00e4t ja laitteet Hitsaus tukee kokonaisfilosofiaamme palvelua tarjoavana yrityksen\u00e4. Hitsaamme Tig- ja Mig\/Mag-menetelmill\u00e4 sek\u00e4 ohutlevy\u00e4 ett\u00e4 vahvempaa ter\u00e4st\u00e4. Tuotteet vaihtelevat asiakkaiden mukaan ja laadukkaat hitsaajamme ovat valmiina vastaamaan asiakkaiden haasteisiin. Usein hitsaukset vaativat NDT- tai muita ainetta rikkomattomia tarkastuksia, jotka tarjoamme palveluna yhteisty\u00f6kumppaneittemme avulla. Hitsaamostamme l\u00f6ytyy peruslevyty\u00f6koneiden lis\u00e4ksi modernit hitsauslaitteet. Hitsaamme&hellip;","_links":{"self":[{"href":"http:\/\/astex.fi\/en\/wp-json\/wp\/v2\/pages\/396","targetHints":{"allow":["GET"]}}],"collection":[{"href":"http:\/\/astex.fi\/en\/wp-json\/wp\/v2\/pages"}],"about":[{"href":"http:\/\/astex.fi\/en\/wp-json\/wp\/v2\/types\/page"}],"author":[{"embeddable":true,"href":"http:\/\/astex.fi\/en\/wp-json\/wp\/v2\/users\/5"}],"replies":[{"embeddable":true,"href":"http:\/\/astex.fi\/en\/wp-json\/wp\/v2\/comments?post=396"}],"version-history":[{"count":39,"href":"http:\/\/astex.fi\/en\/wp-json\/wp\/v2\/pages\/396\/revisions"}],"predecessor-version":[{"id":3257,"href":"http:\/\/astex.fi\/en\/wp-json\/wp\/v2\/pages\/396\/revisions\/3257"}],"wp:attachment":[{"href":"http:\/\/astex.fi\/en\/wp-json\/wp\/v2\/media?parent=396"}],"curies":[{"name":"wp","href":"https:\/\/api.w.org\/{rel}","templated":true}]}}