{"id":386,"date":"2019-11-19T12:20:22","date_gmt":"2019-11-19T10:20:22","guid":{"rendered":"http:\/\/astex.fi\/wordpress2\/?page_id=386"},"modified":"2023-09-19T22:31:08","modified_gmt":"2023-09-19T19:31:08","slug":"tyostokeskus","status":"publish","type":"page","link":"http:\/\/astex.fi\/en\/tyostokeskus\/","title":{"rendered":"Machining center"},"content":{"rendered":"<div data-elementor-type=\"wp-page\" data-elementor-id=\"386\" class=\"elementor elementor-386\">\n\t\t\t\t\t\t<section class=\"elementor-section elementor-top-section elementor-element elementor-element-0f82ced elementor-section-full_width elementor-section-height-default elementor-section-height-default\" data-id=\"0f82ced\" data-element_type=\"section\" data-e-type=\"section\" data-settings=\"{&quot;background_background&quot;:&quot;classic&quot;}\">\n\t\t\t\t\t\t<div class=\"elementor-container elementor-column-gap-default\">\n\t\t\t\t\t<div class=\"elementor-column elementor-col-100 elementor-top-column elementor-element elementor-element-16768ad\" data-id=\"16768ad\" data-element_type=\"column\" data-e-type=\"column\">\n\t\t\t<div class=\"elementor-widget-wrap elementor-element-populated\">\n\t\t\t\t\t\t<div class=\"elementor-element elementor-element-b9b4f36 elementor-widget-mobile__width-initial elementor-widget elementor-widget-heading\" data-id=\"b9b4f36\" data-element_type=\"widget\" data-e-type=\"widget\" data-widget_type=\"heading.default\">\n\t\t\t\t<div class=\"elementor-widget-container\">\n\t\t\t\t\t<h1 class=\"elementor-heading-title elementor-size-large\">MACHINING CENTER<\/h1>\t\t\t\t<\/div>\n\t\t\t\t<\/div>\n\t\t\t\t<div class=\"elementor-element elementor-element-b85892a elementor-align-center elementor-mobile-align-left elementor-widget elementor-widget-button\" data-id=\"b85892a\" data-element_type=\"widget\" data-e-type=\"widget\" data-widget_type=\"button.default\">\n\t\t\t\t<div class=\"elementor-widget-container\">\n\t\t\t\t\t\t\t\t\t<div class=\"elementor-button-wrapper\">\n\t\t\t\t\t<a class=\"elementor-button elementor-button-link elementor-size-md elementor-animation-grow\" href=\"http:\/\/astex.fi\/en\/yhteystiedot\/\">\n\t\t\t\t\t\t<span class=\"elementor-button-content-wrapper\">\n\t\t\t\t\t\t\t\t\t<span class=\"elementor-button-text\">PLEASE CONTACT US<\/span>\n\t\t\t\t\t<\/span>\n\t\t\t\t\t<\/a>\n\t\t\t\t<\/div>\n\t\t\t\t\t\t\t\t<\/div>\n\t\t\t\t<\/div>\n\t\t\t\t\t<\/div>\n\t\t<\/div>\n\t\t\t\t\t<\/div>\n\t\t<\/section>\n\t\t\t\t<section class=\"elementor-section elementor-top-section elementor-element elementor-element-a2ea039 elementor-section-boxed elementor-section-height-default elementor-section-height-default\" data-id=\"a2ea039\" data-element_type=\"section\" data-e-type=\"section\" data-settings=\"{&quot;background_background&quot;:&quot;classic&quot;}\">\n\t\t\t\t\t\t\t<div class=\"elementor-background-overlay\"><\/div>\n\t\t\t\t\t\t\t<div class=\"elementor-container elementor-column-gap-default\">\n\t\t\t\t\t<div class=\"elementor-column elementor-col-100 elementor-top-column elementor-element elementor-element-b01b636\" data-id=\"b01b636\" data-element_type=\"column\" data-e-type=\"column\">\n\t\t\t<div class=\"elementor-widget-wrap elementor-element-populated\">\n\t\t\t\t\t\t<div class=\"elementor-element elementor-element-6f2966f elementor-widget elementor-widget-heading\" data-id=\"6f2966f\" data-element_type=\"widget\" data-e-type=\"widget\" data-widget_type=\"heading.default\">\n\t\t\t\t<div class=\"elementor-widget-container\">\n\t\t\t\t\t<h2 class=\"elementor-heading-title elementor-size-default translation-block\">Milling and drilling <br> with 3-, 4- and 5- axis machining centers<\/h2>\t\t\t\t<\/div>\n\t\t\t\t<\/div>\n\t\t\t\t\t<\/div>\n\t\t<\/div>\n\t\t\t\t\t<\/div>\n\t\t<\/section>\n\t\t\t\t<section class=\"elementor-section elementor-top-section elementor-element elementor-element-a2c7db3 elementor-section-boxed elementor-section-height-default elementor-section-height-default\" data-id=\"a2c7db3\" data-element_type=\"section\" data-e-type=\"section\" data-settings=\"{&quot;background_background&quot;:&quot;classic&quot;}\">\n\t\t\t\t\t\t\t<div class=\"elementor-background-overlay\"><\/div>\n\t\t\t\t\t\t\t<div class=\"elementor-container elementor-column-gap-default\">\n\t\t\t\t\t<div class=\"elementor-column elementor-col-50 elementor-top-column elementor-element elementor-element-f6d2b78\" data-id=\"f6d2b78\" data-element_type=\"column\" data-e-type=\"column\">\n\t\t\t<div class=\"elementor-widget-wrap elementor-element-populated\">\n\t\t\t\t\t\t<div class=\"elementor-element elementor-element-ff720c4 elementor-widget elementor-widget-image\" data-id=\"ff720c4\" data-element_type=\"widget\" data-e-type=\"widget\" data-widget_type=\"image.default\">\n\t\t\t\t<div class=\"elementor-widget-container\">\n\t\t\t\t\t\t\t\t\t\t\t\t\t\t\t<img decoding=\"async\" src=\"https:\/\/astex.fi\/wp-content\/uploads\/2020\/08\/P0000448.jpg\" title=\"XIAOYI DIGITAL CAMERA\" alt=\"XIAOYI DIGITAL CAMERA\" loading=\"lazy\" \/>\t\t\t\t\t\t\t\t\t\t\t\t\t\t\t<\/div>\n\t\t\t\t<\/div>\n\t\t\t\t<div class=\"elementor-element elementor-element-0367ca9 elementor-widget elementor-widget-spacer\" data-id=\"0367ca9\" data-element_type=\"widget\" data-e-type=\"widget\" data-widget_type=\"spacer.default\">\n\t\t\t\t<div class=\"elementor-widget-container\">\n\t\t\t\t\t\t\t<div class=\"elementor-spacer\">\n\t\t\t<div class=\"elementor-spacer-inner\"><\/div>\n\t\t<\/div>\n\t\t\t\t\t\t<\/div>\n\t\t\t\t<\/div>\n\t\t\t\t<div class=\"elementor-element elementor-element-74557dc elementor-widget elementor-widget-video\" data-id=\"74557dc\" data-element_type=\"widget\" data-e-type=\"widget\" data-settings=\"{&quot;youtube_url&quot;:&quot;https:\\\/\\\/youtu.be\\\/S0hK0vWdJNQ&quot;,&quot;video_type&quot;:&quot;youtube&quot;,&quot;controls&quot;:&quot;yes&quot;}\" data-widget_type=\"video.default\">\n\t\t\t\t<div class=\"elementor-widget-container\">\n\t\t\t\t\t\t\t<div class=\"elementor-wrapper elementor-open-inline\">\n\t\t\t<div class=\"elementor-video\"><\/div>\t\t<\/div>\n\t\t\t\t\t\t<\/div>\n\t\t\t\t<\/div>\n\t\t\t\t<div class=\"elementor-element elementor-element-92ef0d2 elementor-widget elementor-widget-spacer\" data-id=\"92ef0d2\" data-element_type=\"widget\" data-e-type=\"widget\" data-widget_type=\"spacer.default\">\n\t\t\t\t<div class=\"elementor-widget-container\">\n\t\t\t\t\t\t\t<div class=\"elementor-spacer\">\n\t\t\t<div class=\"elementor-spacer-inner\"><\/div>\n\t\t<\/div>\n\t\t\t\t\t\t<\/div>\n\t\t\t\t<\/div>\n\t\t\t\t\t<\/div>\n\t\t<\/div>\n\t\t\t\t<div class=\"elementor-column elementor-col-50 elementor-top-column elementor-element elementor-element-b203624\" data-id=\"b203624\" data-element_type=\"column\" data-e-type=\"column\">\n\t\t\t<div class=\"elementor-widget-wrap elementor-element-populated\">\n\t\t\t\t\t\t<div class=\"elementor-element elementor-element-5e1eb85 elementor-widget elementor-widget-text-editor\" data-id=\"5e1eb85\" data-element_type=\"widget\" data-e-type=\"widget\" data-widget_type=\"text-editor.default\">\n\t\t\t\t<div class=\"elementor-widget-container\">\n\t\t\t\t\t\t\t\t\t<p>We have more than 30 well-equipped machine tools for versatile and high-quality manufacturing.\u00a0<\/p><p>The features of the machines are particularly suitable for products that require multi-axis machining, which often also involves CNC turning. Typical products are flange shafts and various sleeve-like pieces.<\/p><p>The size of the workpiece is less than 10 mm with a diameter of 1 000 mm and a length of 4 000 mm. Delivery batches are mainly small series of 1-200 pieces, but we also manufacture large series according to the customer\u2019s needs.<\/p><p>We work also with demanding materials and our expertise is very diverse.<\/p><p>We have\u00a0<\/p><p>4 five-axis machines, max movements 1 666 x 813 x 762 mm<br \/>4 four-axis machines, max movements 1 520 x 660 x 632 mm<br \/>15 three-axis machines, max movements 1 020 x 530 x 510 mm<br \/>2 horizontal machine tools with pallet changer, max movement 900 x 700 x 700 mm.<\/p>\t\t\t\t\t\t\t\t<\/div>\n\t\t\t\t<\/div>\n\t\t\t\t\t<\/div>\n\t\t<\/div>\n\t\t\t\t\t<\/div>\n\t\t<\/section>\n\t\t\t\t<section class=\"elementor-section elementor-top-section elementor-element elementor-element-76123f1 elementor-section-boxed elementor-section-height-default elementor-section-height-default\" data-id=\"76123f1\" data-element_type=\"section\" data-e-type=\"section\" data-settings=\"{&quot;background_background&quot;:&quot;classic&quot;}\">\n\t\t\t\t\t\t\t<div class=\"elementor-background-overlay\"><\/div>\n\t\t\t\t\t\t\t<div class=\"elementor-container elementor-column-gap-default\">\n\t\t\t\t\t<div class=\"elementor-column elementor-col-100 elementor-top-column elementor-element elementor-element-0e5c149\" data-id=\"0e5c149\" data-element_type=\"column\" data-e-type=\"column\">\n\t\t\t<div class=\"elementor-widget-wrap elementor-element-populated\">\n\t\t\t\t\t\t<div class=\"elementor-element elementor-element-4de3f67 elementor-align-center elementor-widget elementor-widget-button\" data-id=\"4de3f67\" data-element_type=\"widget\" data-e-type=\"widget\" data-widget_type=\"button.default\">\n\t\t\t\t<div class=\"elementor-widget-container\">\n\t\t\t\t\t\t\t\t\t<div class=\"elementor-button-wrapper\">\n\t\t\t\t\t<a class=\"elementor-button elementor-button-link elementor-size-lg elementor-animation-grow\" href=\"http:\/\/astex.fi\/en\/konekanta\/\">\n\t\t\t\t\t\t<span class=\"elementor-button-content-wrapper\">\n\t\t\t\t\t\t\t\t\t<span class=\"elementor-button-text\">READ FURTHER ABOUT OUR MACHINERY<\/span>\n\t\t\t\t\t<\/span>\n\t\t\t\t\t<\/a>\n\t\t\t\t<\/div>\n\t\t\t\t\t\t\t\t<\/div>\n\t\t\t\t<\/div>\n\t\t\t\t<div class=\"elementor-element elementor-element-c03bd57 elementor-widget elementor-widget-spacer\" data-id=\"c03bd57\" data-element_type=\"widget\" data-e-type=\"widget\" data-widget_type=\"spacer.default\">\n\t\t\t\t<div class=\"elementor-widget-container\">\n\t\t\t\t\t\t\t<div class=\"elementor-spacer\">\n\t\t\t<div class=\"elementor-spacer-inner\"><\/div>\n\t\t<\/div>\n\t\t\t\t\t\t<\/div>\n\t\t\t\t<\/div>\n\t\t\t\t\t<\/div>\n\t\t<\/div>\n\t\t\t\t\t<\/div>\n\t\t<\/section>\n\t\t\t\t<section class=\"elementor-section elementor-top-section elementor-element elementor-element-c3f3b89 elementor-section-height-min-height elementor-section-boxed elementor-section-height-default elementor-section-items-middle\" data-id=\"c3f3b89\" data-element_type=\"section\" data-e-type=\"section\" data-settings=\"{&quot;background_background&quot;:&quot;classic&quot;}\">\n\t\t\t\t\t\t\t<div class=\"elementor-background-overlay\"><\/div>\n\t\t\t\t\t\t\t<div class=\"elementor-container elementor-column-gap-default\">\n\t\t\t\t\t<div class=\"elementor-column elementor-col-100 elementor-top-column elementor-element elementor-element-b41dd1d\" data-id=\"b41dd1d\" data-element_type=\"column\" data-e-type=\"column\">\n\t\t\t<div class=\"elementor-widget-wrap elementor-element-populated\">\n\t\t\t\t\t\t<div class=\"elementor-element elementor-element-f3d0741 elementor-widget elementor-widget-heading\" data-id=\"f3d0741\" data-element_type=\"widget\" data-e-type=\"widget\" data-widget_type=\"heading.default\">\n\t\t\t\t<div class=\"elementor-widget-container\">\n\t\t\t\t\t<h3 class=\"elementor-heading-title elementor-size-default translation-block\">If you are wondering whether the part you need is too complexed or how much the machining costs or could we produce only one-time-off small batch.. Contact us and we'll talk and figure it out together!<\/h3>\t\t\t\t<\/div>\n\t\t\t\t<\/div>\n\t\t\t\t<div class=\"elementor-element elementor-element-919a81f elementor-align-center elementor-widget elementor-widget-button\" data-id=\"919a81f\" data-element_type=\"widget\" data-e-type=\"widget\" data-widget_type=\"button.default\">\n\t\t\t\t<div class=\"elementor-widget-container\">\n\t\t\t\t\t\t\t\t\t<div class=\"elementor-button-wrapper\">\n\t\t\t\t\t<a class=\"elementor-button elementor-button-link elementor-size-md elementor-animation-grow\" href=\"http:\/\/astex.fi\/en\/yhteystiedot\/\">\n\t\t\t\t\t\t<span class=\"elementor-button-content-wrapper\">\n\t\t\t\t\t\t\t\t\t<span class=\"elementor-button-text\">PLEASE CONTACT US<\/span>\n\t\t\t\t\t<\/span>\n\t\t\t\t\t<\/a>\n\t\t\t\t<\/div>\n\t\t\t\t\t\t\t\t<\/div>\n\t\t\t\t<\/div>\n\t\t\t\t\t<\/div>\n\t\t<\/div>\n\t\t\t\t\t<\/div>\n\t\t<\/section>\n\t\t\t\t<\/div>","protected":false},"excerpt":{"rendered":"<p>TY\u00d6ST\u00d6KESKUS ota yhteytt\u00e4 Jyrsint\u00e4- ja porausty\u00f6t 3-, 4- ja 5-akselisilla ty\u00f6st\u00f6keskuksillA Yrityksess\u00e4mme on yli 30 hyvin varustettua ty\u00f6st\u00f6konetta monipuoliseen ja laadukkaaseen valmistukseen. Koneiden ominaisuudet ovat erityisesti sopivia moniakselista ty\u00f6st\u00f6\u00e4 vaativiin tuotteisiin, joihin usein liittyy my\u00f6s CNC-sorvausta. Tyypillisi\u00e4 tuotteita ovat laippa-akselit sek\u00e4 erilaiset holkkimaiset kappaleet. Ty\u00f6kappaleiden koko on alle 10 mm aina 1 000 mm halkaisijaan [&hellip;]<\/p>\n","protected":false},"author":5,"featured_media":0,"parent":0,"menu_order":1,"comment_status":"closed","ping_status":"closed","template":"","meta":{"_uag_custom_page_level_css":"","site-sidebar-layout":"no-sidebar","site-content-layout":"page-builder","ast-site-content-layout":"full-width-container","site-content-style":"unboxed","site-sidebar-style":"unboxed","ast-global-header-display":"","ast-banner-title-visibility":"","ast-main-header-display":"","ast-hfb-above-header-display":"","ast-hfb-below-header-display":"","ast-hfb-mobile-header-display":"","site-post-title":"disabled","ast-breadcrumbs-content":"","ast-featured-img":"disabled","footer-sml-layout":"","ast-disable-related-posts":"","theme-transparent-header-meta":"default","adv-header-id-meta":"","stick-header-meta":"","header-above-stick-meta":"","header-main-stick-meta":"","header-below-stick-meta":"","astra-migrate-meta-layouts":"set","ast-page-background-enabled":"default","ast-page-background-meta":{"desktop":{"background-color":"","background-image":"","background-repeat":"repeat","background-position":"center center","background-size":"auto","background-attachment":"scroll","background-type":"","background-media":"","overlay-type":"","overlay-color":"","overlay-opacity":"","overlay-gradient":""},"tablet":{"background-color":"","background-image":"","background-repeat":"repeat","background-position":"center center","background-size":"auto","background-attachment":"scroll","background-type":"","background-media":"","overlay-type":"","overlay-color":"","overlay-opacity":"","overlay-gradient":""},"mobile":{"background-color":"","background-image":"","background-repeat":"repeat","background-position":"center center","background-size":"auto","background-attachment":"scroll","background-type":"","background-media":"","overlay-type":"","overlay-color":"","overlay-opacity":"","overlay-gradient":""}},"ast-content-background-meta":{"desktop":{"background-color":"var(--ast-global-color-5)","background-image":"","background-repeat":"repeat","background-position":"center center","background-size":"auto","background-attachment":"scroll","background-type":"","background-media":"","overlay-type":"","overlay-color":"","overlay-opacity":"","overlay-gradient":""},"tablet":{"background-color":"var(--ast-global-color-5)","background-image":"","background-repeat":"repeat","background-position":"center center","background-size":"auto","background-attachment":"scroll","background-type":"","background-media":"","overlay-type":"","overlay-color":"","overlay-opacity":"","overlay-gradient":""},"mobile":{"background-color":"var(--ast-global-color-5)","background-image":"","background-repeat":"repeat","background-position":"center center","background-size":"auto","background-attachment":"scroll","background-type":"","background-media":"","overlay-type":"","overlay-color":"","overlay-opacity":"","overlay-gradient":""}},"footnotes":""},"class_list":["post-386","page","type-page","status-publish","hentry"],"yoast_head":"<!-- This site is optimized with the Yoast SEO plugin v27.5 - https:\/\/yoast.com\/product\/yoast-seo-wordpress\/ -->\n<title>Ty\u00f6st\u00f6keskus - Astex Engineering Oy<\/title>\n<meta name=\"robots\" content=\"index, follow, max-snippet:-1, max-image-preview:large, max-video-preview:-1\" \/>\n<link rel=\"canonical\" href=\"https:\/\/astex.fi\/en\/tyostokeskus\/\" \/>\n<meta property=\"og:locale\" content=\"en_US\" \/>\n<meta property=\"og:type\" content=\"article\" \/>\n<meta property=\"og:title\" content=\"Ty\u00f6st\u00f6keskus - Astex Engineering Oy\" \/>\n<meta property=\"og:description\" content=\"TY\u00d6ST\u00d6KESKUS ota yhteytt\u00e4 Jyrsint\u00e4- ja porausty\u00f6t 3-, 4- ja 5-akselisilla ty\u00f6st\u00f6keskuksillA Yrityksess\u00e4mme on yli 30 hyvin varustettua ty\u00f6st\u00f6konetta monipuoliseen ja laadukkaaseen valmistukseen. Koneiden ominaisuudet ovat erityisesti sopivia moniakselista ty\u00f6st\u00f6\u00e4 vaativiin tuotteisiin, joihin usein liittyy my\u00f6s CNC-sorvausta. Tyypillisi\u00e4 tuotteita ovat laippa-akselit sek\u00e4 erilaiset holkkimaiset kappaleet. Ty\u00f6kappaleiden koko on alle 10 mm aina 1 000 mm halkaisijaan [&hellip;]\" \/>\n<meta property=\"og:url\" content=\"https:\/\/astex.fi\/en\/tyostokeskus\/\" \/>\n<meta property=\"og:site_name\" content=\"Astex Engineering Oy\" \/>\n<meta property=\"article:publisher\" content=\"https:\/\/www.facebook.com\/AstexEngineering\/\" \/>\n<meta property=\"article:modified_time\" content=\"2023-09-19T19:31:08+00:00\" \/>\n<meta property=\"og:image\" content=\"https:\/\/astex.fi\/wp-content\/uploads\/2020\/08\/P0000448.jpg\" \/>\n<meta name=\"twitter:card\" content=\"summary_large_image\" \/>\n<meta name=\"twitter:label1\" content=\"Est. reading time\" \/>\n\t<meta name=\"twitter:data1\" content=\"2 minutes\" \/>\n<script type=\"application\/ld+json\" class=\"yoast-schema-graph\">{\"@context\":\"https:\\\/\\\/schema.org\",\"@graph\":[{\"@type\":\"WebPage\",\"@id\":\"https:\\\/\\\/astex.fi\\\/tyostokeskus\\\/\",\"url\":\"https:\\\/\\\/astex.fi\\\/tyostokeskus\\\/\",\"name\":\"Ty\u00f6st\u00f6keskus - Astex Engineering Oy\",\"isPartOf\":{\"@id\":\"https:\\\/\\\/astex.fi\\\/#website\"},\"primaryImageOfPage\":{\"@id\":\"https:\\\/\\\/astex.fi\\\/tyostokeskus\\\/#primaryimage\"},\"image\":{\"@id\":\"https:\\\/\\\/astex.fi\\\/tyostokeskus\\\/#primaryimage\"},\"thumbnailUrl\":\"https:\\\/\\\/astex.fi\\\/wp-content\\\/uploads\\\/2020\\\/08\\\/P0000448.jpg\",\"datePublished\":\"2019-11-19T10:20:22+00:00\",\"dateModified\":\"2023-09-19T19:31:08+00:00\",\"breadcrumb\":{\"@id\":\"https:\\\/\\\/astex.fi\\\/tyostokeskus\\\/#breadcrumb\"},\"inLanguage\":\"en-US\",\"potentialAction\":[{\"@type\":\"ReadAction\",\"target\":[\"https:\\\/\\\/astex.fi\\\/tyostokeskus\\\/\"]}]},{\"@type\":\"ImageObject\",\"inLanguage\":\"en-US\",\"@id\":\"https:\\\/\\\/astex.fi\\\/tyostokeskus\\\/#primaryimage\",\"url\":\"https:\\\/\\\/astex.fi\\\/wp-content\\\/uploads\\\/2020\\\/08\\\/P0000448.jpg\",\"contentUrl\":\"https:\\\/\\\/astex.fi\\\/wp-content\\\/uploads\\\/2020\\\/08\\\/P0000448.jpg\"},{\"@type\":\"BreadcrumbList\",\"@id\":\"https:\\\/\\\/astex.fi\\\/tyostokeskus\\\/#breadcrumb\",\"itemListElement\":[{\"@type\":\"ListItem\",\"position\":1,\"name\":\"Home\",\"item\":\"https:\\\/\\\/astex.fi\\\/\"},{\"@type\":\"ListItem\",\"position\":2,\"name\":\"Ty\u00f6st\u00f6keskus\"}]},{\"@type\":\"WebSite\",\"@id\":\"https:\\\/\\\/astex.fi\\\/#website\",\"url\":\"https:\\\/\\\/astex.fi\\\/\",\"name\":\"Astex Engineering Oy\",\"description\":\"Astex - apunasi vaativissa koneistust\u00f6iss\u00e4\",\"publisher\":{\"@id\":\"https:\\\/\\\/astex.fi\\\/#organization\"},\"potentialAction\":[{\"@type\":\"SearchAction\",\"target\":{\"@type\":\"EntryPoint\",\"urlTemplate\":\"https:\\\/\\\/astex.fi\\\/?s={search_term_string}\"},\"query-input\":{\"@type\":\"PropertyValueSpecification\",\"valueRequired\":true,\"valueName\":\"search_term_string\"}}],\"inLanguage\":\"en-US\"},{\"@type\":\"Organization\",\"@id\":\"https:\\\/\\\/astex.fi\\\/#organization\",\"name\":\"Astex Engineering Oy\",\"url\":\"https:\\\/\\\/astex.fi\\\/\",\"logo\":{\"@type\":\"ImageObject\",\"inLanguage\":\"en-US\",\"@id\":\"https:\\\/\\\/astex.fi\\\/#\\\/schema\\\/logo\\\/image\\\/\",\"url\":\"https:\\\/\\\/astex.fi\\\/wp-content\\\/uploads\\\/2018\\\/11\\\/ASTEX-ENGINEERING-logo-transparent-background-RGB-SIN-e1626952547971.png\",\"contentUrl\":\"https:\\\/\\\/astex.fi\\\/wp-content\\\/uploads\\\/2018\\\/11\\\/ASTEX-ENGINEERING-logo-transparent-background-RGB-SIN-e1626952547971.png\",\"width\":302,\"height\":62,\"caption\":\"Astex Engineering Oy\"},\"image\":{\"@id\":\"https:\\\/\\\/astex.fi\\\/#\\\/schema\\\/logo\\\/image\\\/\"},\"sameAs\":[\"https:\\\/\\\/www.facebook.com\\\/AstexEngineering\\\/\"]}]}<\/script>\n<!-- \/ Yoast SEO plugin. -->","yoast_head_json":{"title":"Ty\u00f6st\u00f6keskus - Astex Engineering Oy","robots":{"index":"index","follow":"follow","max-snippet":"max-snippet:-1","max-image-preview":"max-image-preview:large","max-video-preview":"max-video-preview:-1"},"canonical":"https:\/\/astex.fi\/en\/tyostokeskus\/","og_locale":"en_US","og_type":"article","og_title":"Ty\u00f6st\u00f6keskus - Astex Engineering Oy","og_description":"TY\u00d6ST\u00d6KESKUS ota yhteytt\u00e4 Jyrsint\u00e4- ja porausty\u00f6t 3-, 4- ja 5-akselisilla ty\u00f6st\u00f6keskuksillA Yrityksess\u00e4mme on yli 30 hyvin varustettua ty\u00f6st\u00f6konetta monipuoliseen ja laadukkaaseen valmistukseen. Koneiden ominaisuudet ovat erityisesti sopivia moniakselista ty\u00f6st\u00f6\u00e4 vaativiin tuotteisiin, joihin usein liittyy my\u00f6s CNC-sorvausta. Tyypillisi\u00e4 tuotteita ovat laippa-akselit sek\u00e4 erilaiset holkkimaiset kappaleet. Ty\u00f6kappaleiden koko on alle 10 mm aina 1 000 mm halkaisijaan [&hellip;]","og_url":"https:\/\/astex.fi\/en\/tyostokeskus\/","og_site_name":"Astex Engineering Oy","article_publisher":"https:\/\/www.facebook.com\/AstexEngineering\/","article_modified_time":"2023-09-19T19:31:08+00:00","og_image":[{"url":"https:\/\/astex.fi\/wp-content\/uploads\/2020\/08\/P0000448.jpg","type":"","width":"","height":""}],"twitter_card":"summary_large_image","twitter_misc":{"Est. reading time":"2 minutes"},"schema":{"@context":"https:\/\/schema.org","@graph":[{"@type":"WebPage","@id":"https:\/\/astex.fi\/tyostokeskus\/","url":"https:\/\/astex.fi\/tyostokeskus\/","name":"Ty\u00f6st\u00f6keskus - Astex Engineering Oy","isPartOf":{"@id":"https:\/\/astex.fi\/#website"},"primaryImageOfPage":{"@id":"https:\/\/astex.fi\/tyostokeskus\/#primaryimage"},"image":{"@id":"https:\/\/astex.fi\/tyostokeskus\/#primaryimage"},"thumbnailUrl":"https:\/\/astex.fi\/wp-content\/uploads\/2020\/08\/P0000448.jpg","datePublished":"2019-11-19T10:20:22+00:00","dateModified":"2023-09-19T19:31:08+00:00","breadcrumb":{"@id":"https:\/\/astex.fi\/tyostokeskus\/#breadcrumb"},"inLanguage":"en-US","potentialAction":[{"@type":"ReadAction","target":["https:\/\/astex.fi\/tyostokeskus\/"]}]},{"@type":"ImageObject","inLanguage":"en-US","@id":"https:\/\/astex.fi\/tyostokeskus\/#primaryimage","url":"https:\/\/astex.fi\/wp-content\/uploads\/2020\/08\/P0000448.jpg","contentUrl":"https:\/\/astex.fi\/wp-content\/uploads\/2020\/08\/P0000448.jpg"},{"@type":"BreadcrumbList","@id":"https:\/\/astex.fi\/tyostokeskus\/#breadcrumb","itemListElement":[{"@type":"ListItem","position":1,"name":"Home","item":"https:\/\/astex.fi\/"},{"@type":"ListItem","position":2,"name":"Ty\u00f6st\u00f6keskus"}]},{"@type":"WebSite","@id":"https:\/\/astex.fi\/#website","url":"https:\/\/astex.fi\/","name":"Astex Engineering Oy","description":"Astex - apunasi vaativissa koneistust\u00f6iss\u00e4","publisher":{"@id":"https:\/\/astex.fi\/#organization"},"potentialAction":[{"@type":"SearchAction","target":{"@type":"EntryPoint","urlTemplate":"https:\/\/astex.fi\/?s={search_term_string}"},"query-input":{"@type":"PropertyValueSpecification","valueRequired":true,"valueName":"search_term_string"}}],"inLanguage":"en-US"},{"@type":"Organization","@id":"https:\/\/astex.fi\/#organization","name":"Astex Engineering Oy","url":"https:\/\/astex.fi\/","logo":{"@type":"ImageObject","inLanguage":"en-US","@id":"https:\/\/astex.fi\/#\/schema\/logo\/image\/","url":"https:\/\/astex.fi\/wp-content\/uploads\/2018\/11\/ASTEX-ENGINEERING-logo-transparent-background-RGB-SIN-e1626952547971.png","contentUrl":"https:\/\/astex.fi\/wp-content\/uploads\/2018\/11\/ASTEX-ENGINEERING-logo-transparent-background-RGB-SIN-e1626952547971.png","width":302,"height":62,"caption":"Astex Engineering Oy"},"image":{"@id":"https:\/\/astex.fi\/#\/schema\/logo\/image\/"},"sameAs":["https:\/\/www.facebook.com\/AstexEngineering\/"]}]}},"uagb_featured_image_src":{"full":false,"thumbnail":false,"medium":false,"medium_large":false,"large":false,"1536x1536":false,"2048x2048":false,"trp-custom-language-flag":false},"uagb_author_info":{"display_name":"Petri Lammi","author_link":"http:\/\/astex.fi\/en\/author\/petri-lammiastex-fi\/"},"uagb_comment_info":0,"uagb_excerpt":"TY\u00d6ST\u00d6KESKUS ota yhteytt\u00e4 Jyrsint\u00e4- ja porausty\u00f6t 3-, 4- ja 5-akselisilla ty\u00f6st\u00f6keskuksillA Yrityksess\u00e4mme on yli 30 hyvin varustettua ty\u00f6st\u00f6konetta monipuoliseen ja laadukkaaseen valmistukseen. Koneiden ominaisuudet ovat erityisesti sopivia moniakselista ty\u00f6st\u00f6\u00e4 vaativiin tuotteisiin, joihin usein liittyy my\u00f6s CNC-sorvausta. Tyypillisi\u00e4 tuotteita ovat laippa-akselit sek\u00e4 erilaiset holkkimaiset kappaleet. Ty\u00f6kappaleiden koko on alle 10 mm aina 1 000 mm halkaisijaan&hellip;","_links":{"self":[{"href":"http:\/\/astex.fi\/en\/wp-json\/wp\/v2\/pages\/386","targetHints":{"allow":["GET"]}}],"collection":[{"href":"http:\/\/astex.fi\/en\/wp-json\/wp\/v2\/pages"}],"about":[{"href":"http:\/\/astex.fi\/en\/wp-json\/wp\/v2\/types\/page"}],"author":[{"embeddable":true,"href":"http:\/\/astex.fi\/en\/wp-json\/wp\/v2\/users\/5"}],"replies":[{"embeddable":true,"href":"http:\/\/astex.fi\/en\/wp-json\/wp\/v2\/comments?post=386"}],"version-history":[{"count":37,"href":"http:\/\/astex.fi\/en\/wp-json\/wp\/v2\/pages\/386\/revisions"}],"predecessor-version":[{"id":3207,"href":"http:\/\/astex.fi\/en\/wp-json\/wp\/v2\/pages\/386\/revisions\/3207"}],"wp:attachment":[{"href":"http:\/\/astex.fi\/en\/wp-json\/wp\/v2\/media?parent=386"}],"curies":[{"name":"wp","href":"https:\/\/api.w.org\/{rel}","templated":true}]}}