{"id":1195,"date":"2020-08-17T14:30:16","date_gmt":"2020-08-17T11:30:16","guid":{"rendered":"http:\/\/astex.fi\/wordpress2\/?page_id=1195"},"modified":"2021-10-15T14:08:20","modified_gmt":"2021-10-15T11:08:20","slug":"kokoonpano","status":"publish","type":"page","link":"http:\/\/astex.fi\/en\/kokoonpano\/","title":{"rendered":"Assembling"},"content":{"rendered":"<div data-elementor-type=\"wp-page\" data-elementor-id=\"1195\" class=\"elementor elementor-1195\">\n\t\t\t\t\t\t<section class=\"elementor-section elementor-top-section elementor-element elementor-element-9782551 elementor-section-full_width elementor-section-height-default elementor-section-height-default\" data-id=\"9782551\" data-element_type=\"section\" data-e-type=\"section\" data-settings=\"{&quot;background_background&quot;:&quot;classic&quot;}\">\n\t\t\t\t\t\t\t<div class=\"elementor-background-overlay\"><\/div>\n\t\t\t\t\t\t\t<div class=\"elementor-container elementor-column-gap-default\">\n\t\t\t\t\t<div class=\"elementor-column elementor-col-100 elementor-top-column elementor-element elementor-element-8259fd0\" data-id=\"8259fd0\" data-element_type=\"column\" data-e-type=\"column\">\n\t\t\t<div class=\"elementor-widget-wrap elementor-element-populated\">\n\t\t\t\t\t\t<div class=\"elementor-element elementor-element-b05b53c elementor-widget elementor-widget-spacer\" data-id=\"b05b53c\" data-element_type=\"widget\" data-e-type=\"widget\" data-widget_type=\"spacer.default\">\n\t\t\t\t<div class=\"elementor-widget-container\">\n\t\t\t\t\t\t\t<div class=\"elementor-spacer\">\n\t\t\t<div class=\"elementor-spacer-inner\"><\/div>\n\t\t<\/div>\n\t\t\t\t\t\t<\/div>\n\t\t\t\t<\/div>\n\t\t\t\t<div class=\"elementor-element elementor-element-9692eb0 elementor-widget elementor-widget-heading\" data-id=\"9692eb0\" data-element_type=\"widget\" data-e-type=\"widget\" data-widget_type=\"heading.default\">\n\t\t\t\t<div class=\"elementor-widget-container\">\n\t\t\t\t\t<h2 class=\"elementor-heading-title elementor-size-default\">ASSEMBLING<\/h2>\t\t\t\t<\/div>\n\t\t\t\t<\/div>\n\t\t\t\t<div class=\"elementor-element elementor-element-9a66dee elementor-align-center elementor-widget elementor-widget-button\" data-id=\"9a66dee\" data-element_type=\"widget\" data-e-type=\"widget\" data-widget_type=\"button.default\">\n\t\t\t\t<div class=\"elementor-widget-container\">\n\t\t\t\t\t\t\t\t\t<div class=\"elementor-button-wrapper\">\n\t\t\t\t\t<a class=\"elementor-button elementor-button-link elementor-size-lg elementor-animation-grow\" href=\"http:\/\/astex.fi\/en\/yhteystiedot\/\">\n\t\t\t\t\t\t<span class=\"elementor-button-content-wrapper\">\n\t\t\t\t\t\t\t\t\t<span class=\"elementor-button-text\">CONTACT US<\/span>\n\t\t\t\t\t<\/span>\n\t\t\t\t\t<\/a>\n\t\t\t\t<\/div>\n\t\t\t\t\t\t\t\t<\/div>\n\t\t\t\t<\/div>\n\t\t\t\t<div class=\"elementor-element elementor-element-6210af8 elementor-widget elementor-widget-spacer\" data-id=\"6210af8\" data-element_type=\"widget\" data-e-type=\"widget\" data-widget_type=\"spacer.default\">\n\t\t\t\t<div class=\"elementor-widget-container\">\n\t\t\t\t\t\t\t<div class=\"elementor-spacer\">\n\t\t\t<div class=\"elementor-spacer-inner\"><\/div>\n\t\t<\/div>\n\t\t\t\t\t\t<\/div>\n\t\t\t\t<\/div>\n\t\t\t\t\t<\/div>\n\t\t<\/div>\n\t\t\t\t\t<\/div>\n\t\t<\/section>\n\t\t\t\t<section class=\"elementor-section elementor-top-section elementor-element elementor-element-85032bb elementor-section-boxed elementor-section-height-default elementor-section-height-default\" data-id=\"85032bb\" data-element_type=\"section\" data-e-type=\"section\" data-settings=\"{&quot;background_background&quot;:&quot;classic&quot;}\">\n\t\t\t\t\t\t\t<div class=\"elementor-background-overlay\"><\/div>\n\t\t\t\t\t\t\t<div class=\"elementor-container elementor-column-gap-default\">\n\t\t\t\t\t<div class=\"elementor-column elementor-col-100 elementor-top-column elementor-element elementor-element-c76533e\" data-id=\"c76533e\" data-element_type=\"column\" data-e-type=\"column\">\n\t\t\t<div class=\"elementor-widget-wrap elementor-element-populated\">\n\t\t\t\t\t\t<div class=\"elementor-element elementor-element-5d802e0 elementor-widget elementor-widget-spacer\" data-id=\"5d802e0\" data-element_type=\"widget\" data-e-type=\"widget\" data-widget_type=\"spacer.default\">\n\t\t\t\t<div class=\"elementor-widget-container\">\n\t\t\t\t\t\t\t<div class=\"elementor-spacer\">\n\t\t\t<div class=\"elementor-spacer-inner\"><\/div>\n\t\t<\/div>\n\t\t\t\t\t\t<\/div>\n\t\t\t\t<\/div>\n\t\t\t\t<div class=\"elementor-element elementor-element-560d8a2 elementor-widget elementor-widget-heading\" data-id=\"560d8a2\" data-element_type=\"widget\" data-e-type=\"widget\" data-widget_type=\"heading.default\">\n\t\t\t\t<div class=\"elementor-widget-container\">\n\t\t\t\t\t<h2 class=\"elementor-heading-title elementor-size-default\">More value with assembling<\/h2>\t\t\t\t<\/div>\n\t\t\t\t<\/div>\n\t\t\t\t<div class=\"elementor-element elementor-element-d63dc01 elementor-widget elementor-widget-spacer\" data-id=\"d63dc01\" data-element_type=\"widget\" data-e-type=\"widget\" data-widget_type=\"spacer.default\">\n\t\t\t\t<div class=\"elementor-widget-container\">\n\t\t\t\t\t\t\t<div class=\"elementor-spacer\">\n\t\t\t<div class=\"elementor-spacer-inner\"><\/div>\n\t\t<\/div>\n\t\t\t\t\t\t<\/div>\n\t\t\t\t<\/div>\n\t\t\t\t<section class=\"elementor-section elementor-inner-section elementor-element elementor-element-a1ada97 elementor-section-boxed elementor-section-height-default elementor-section-height-default\" data-id=\"a1ada97\" data-element_type=\"section\" data-e-type=\"section\">\n\t\t\t\t\t\t<div class=\"elementor-container elementor-column-gap-default\">\n\t\t\t\t\t<div class=\"elementor-column elementor-col-100 elementor-inner-column elementor-element elementor-element-23d036c\" data-id=\"23d036c\" data-element_type=\"column\" data-e-type=\"column\">\n\t\t\t<div class=\"elementor-widget-wrap elementor-element-populated\">\n\t\t\t\t\t\t<div class=\"elementor-element elementor-element-09c6439 elementor-widget elementor-widget-text-editor\" data-id=\"09c6439\" data-element_type=\"widget\" data-e-type=\"widget\" data-widget_type=\"text-editor.default\">\n\t\t\t\t<div class=\"elementor-widget-container\">\n\t\t\t\t\t\t\t\t\t<p>In addition to the manufacture of parts, our services also include assembling parts and, if necessary, testing finished products.\u00a0<\/p><p>We manufacture mechanical assemblies, hydraulic assemblies, cylinder parts and various fine mechanical control devices. We also do some electrical installations.<\/p><p>Our long-term customers value the services they receive from us, which include manufacturing, surface treatment and assemblies.<\/p><p>We get components as needed.<\/p><p>The assemblies are handled by professionals.<\/p>\t\t\t\t\t\t\t\t<\/div>\n\t\t\t\t<\/div>\n\t\t\t\t\t<\/div>\n\t\t<\/div>\n\t\t\t\t\t<\/div>\n\t\t<\/section>\n\t\t\t\t<section class=\"elementor-section elementor-inner-section elementor-element elementor-element-0d443b0 elementor-section-boxed elementor-section-height-default elementor-section-height-default\" data-id=\"0d443b0\" data-element_type=\"section\" data-e-type=\"section\">\n\t\t\t\t\t\t<div class=\"elementor-container elementor-column-gap-default\">\n\t\t\t\t\t<div class=\"elementor-column elementor-col-50 elementor-inner-column elementor-element elementor-element-a42c566\" data-id=\"a42c566\" data-element_type=\"column\" data-e-type=\"column\">\n\t\t\t<div class=\"elementor-widget-wrap elementor-element-populated\">\n\t\t\t\t\t\t<div class=\"elementor-element elementor-element-142be4f elementor-widget elementor-widget-image\" data-id=\"142be4f\" data-element_type=\"widget\" data-e-type=\"widget\" data-widget_type=\"image.default\">\n\t\t\t\t<div class=\"elementor-widget-container\">\n\t\t\t\t\t\t\t\t\t\t\t\t\t\t\t<img fetchpriority=\"high\" decoding=\"async\" width=\"411\" height=\"312\" src=\"https:\/\/astex.fi\/wp-content\/uploads\/2020\/08\/valmet.jpg\" class=\"attachment-large size-large wp-image-1535\" alt=\"\" srcset=\"https:\/\/astex.fi\/wp-content\/uploads\/2020\/08\/valmet.jpg 411w, https:\/\/astex.fi\/wp-content\/uploads\/2020\/08\/valmet-300x228.jpg 300w\" sizes=\"(max-width: 411px) 100vw, 411px\" \/>\t\t\t\t\t\t\t\t\t\t\t\t\t\t\t<\/div>\n\t\t\t\t<\/div>\n\t\t\t\t\t<\/div>\n\t\t<\/div>\n\t\t\t\t<div class=\"elementor-column elementor-col-50 elementor-inner-column elementor-element elementor-element-c280f0c\" data-id=\"c280f0c\" data-element_type=\"column\" data-e-type=\"column\">\n\t\t\t<div class=\"elementor-widget-wrap elementor-element-populated\">\n\t\t\t\t\t\t<div class=\"elementor-element elementor-element-f9422c5 elementor-widget elementor-widget-image\" data-id=\"f9422c5\" data-element_type=\"widget\" data-e-type=\"widget\" data-widget_type=\"image.default\">\n\t\t\t\t<div class=\"elementor-widget-container\">\n\t\t\t\t\t\t\t\t\t\t\t\t\t\t\t<img decoding=\"async\" src=\"https:\/\/astex.fi\/wp-content\/uploads\/elementor\/thumbs\/P1010080-pbbwvbpum5a6cp9l8o25oyahwzd2218nbvd6xbt5rs.jpg\" title=\"P1010080\" alt=\"P1010080\" loading=\"lazy\" \/>\t\t\t\t\t\t\t\t\t\t\t\t\t\t\t<\/div>\n\t\t\t\t<\/div>\n\t\t\t\t\t<\/div>\n\t\t<\/div>\n\t\t\t\t\t<\/div>\n\t\t<\/section>\n\t\t\t\t<div class=\"elementor-element elementor-element-d5b6fff elementor-widget elementor-widget-spacer\" data-id=\"d5b6fff\" data-element_type=\"widget\" data-e-type=\"widget\" data-widget_type=\"spacer.default\">\n\t\t\t\t<div class=\"elementor-widget-container\">\n\t\t\t\t\t\t\t<div class=\"elementor-spacer\">\n\t\t\t<div class=\"elementor-spacer-inner\"><\/div>\n\t\t<\/div>\n\t\t\t\t\t\t<\/div>\n\t\t\t\t<\/div>\n\t\t\t\t\t<\/div>\n\t\t<\/div>\n\t\t\t\t\t<\/div>\n\t\t<\/section>\n\t\t\t\t<section class=\"elementor-section elementor-top-section elementor-element elementor-element-139f0b0 elementor-section-boxed elementor-section-height-default elementor-section-height-default\" data-id=\"139f0b0\" data-element_type=\"section\" data-e-type=\"section\" data-settings=\"{&quot;background_background&quot;:&quot;classic&quot;}\">\n\t\t\t\t\t\t\t<div class=\"elementor-background-overlay\"><\/div>\n\t\t\t\t\t\t\t<div class=\"elementor-container elementor-column-gap-default\">\n\t\t\t\t\t<div class=\"elementor-column elementor-col-100 elementor-top-column elementor-element elementor-element-92ddcc3\" data-id=\"92ddcc3\" data-element_type=\"column\" data-e-type=\"column\">\n\t\t\t<div class=\"elementor-widget-wrap elementor-element-populated\">\n\t\t\t\t\t\t<div class=\"elementor-element elementor-element-88e941f elementor-widget elementor-widget-spacer\" data-id=\"88e941f\" data-element_type=\"widget\" data-e-type=\"widget\" data-widget_type=\"spacer.default\">\n\t\t\t\t<div class=\"elementor-widget-container\">\n\t\t\t\t\t\t\t<div class=\"elementor-spacer\">\n\t\t\t<div class=\"elementor-spacer-inner\"><\/div>\n\t\t<\/div>\n\t\t\t\t\t\t<\/div>\n\t\t\t\t<\/div>\n\t\t\t\t<div class=\"elementor-element elementor-element-3af6e66 elementor-widget elementor-widget-text-editor\" data-id=\"3af6e66\" data-element_type=\"widget\" data-e-type=\"widget\" data-widget_type=\"text-editor.default\">\n\t\t\t\t<div class=\"elementor-widget-container\">\n\t\t\t\t\t\t\t\t\t<p>How can we serve you?<\/p>\t\t\t\t\t\t\t\t<\/div>\n\t\t\t\t<\/div>\n\t\t\t\t<div class=\"elementor-element elementor-element-744ea61 elementor-align-center elementor-widget elementor-widget-button\" data-id=\"744ea61\" data-element_type=\"widget\" data-e-type=\"widget\" data-widget_type=\"button.default\">\n\t\t\t\t<div class=\"elementor-widget-container\">\n\t\t\t\t\t\t\t\t\t<div class=\"elementor-button-wrapper\">\n\t\t\t\t\t<a class=\"elementor-button elementor-button-link elementor-size-md elementor-animation-grow\" href=\"http:\/\/astex.fi\/en\/yhteystiedot\/\">\n\t\t\t\t\t\t<span class=\"elementor-button-content-wrapper\">\n\t\t\t\t\t\t\t\t\t<span class=\"elementor-button-text\">contact us<\/span>\n\t\t\t\t\t<\/span>\n\t\t\t\t\t<\/a>\n\t\t\t\t<\/div>\n\t\t\t\t\t\t\t\t<\/div>\n\t\t\t\t<\/div>\n\t\t\t\t<div class=\"elementor-element elementor-element-5b3a20b elementor-widget elementor-widget-spacer\" data-id=\"5b3a20b\" data-element_type=\"widget\" data-e-type=\"widget\" data-widget_type=\"spacer.default\">\n\t\t\t\t<div class=\"elementor-widget-container\">\n\t\t\t\t\t\t\t<div class=\"elementor-spacer\">\n\t\t\t<div class=\"elementor-spacer-inner\"><\/div>\n\t\t<\/div>\n\t\t\t\t\t\t<\/div>\n\t\t\t\t<\/div>\n\t\t\t\t\t<\/div>\n\t\t<\/div>\n\t\t\t\t\t<\/div>\n\t\t<\/section>\n\t\t\t\t<\/div>","protected":false},"excerpt":{"rendered":"<p>KOKOONPANO Ota yhteytt\u00e4 Lis\u00e4arvoa kokoonpanolla Palveluihimme kuuluu osien valmistuksen lis\u00e4ksi my\u00f6s osien kokoonpano ja tarvittaessa valmiiden tuotteiden testaukset.\u00a0 Valmistamme mekaanista kokoonpanoa, hydrauliikkaan liittyvi\u00e4 kokoonpanoja, sylinterin osia sek\u00e4 erilaisia hienomekaanisia s\u00e4\u00e4t\u00f6laitteita. My\u00f6s s\u00e4hk\u00f6kokoonpanoja teemme jonkin verran. Pitk\u00e4aikaiset asiakkaamme arvostavat meilt\u00e4 saamaansa kokonaispalvelua, johon liittyy valmistus, pintak\u00e4sittelyt sek\u00e4 kokoonpanot. Hankimme komponentit tarvittaessa. Kokoonpanoista vastaavat alan vahvat ammattilaiset. [&hellip;]<\/p>\n","protected":false},"author":5,"featured_media":0,"parent":0,"menu_order":0,"comment_status":"closed","ping_status":"closed","template":"","meta":{"_uag_custom_page_level_css":"","site-sidebar-layout":"no-sidebar","site-content-layout":"page-builder","ast-site-content-layout":"default","site-content-style":"default","site-sidebar-style":"default","ast-global-header-display":"","ast-banner-title-visibility":"","ast-main-header-display":"","ast-hfb-above-header-display":"","ast-hfb-below-header-display":"","ast-hfb-mobile-header-display":"","site-post-title":"disabled","ast-breadcrumbs-content":"","ast-featured-img":"disabled","footer-sml-layout":"","ast-disable-related-posts":"","theme-transparent-header-meta":"default","adv-header-id-meta":"","stick-header-meta":"","header-above-stick-meta":"","header-main-stick-meta":"","header-below-stick-meta":"","astra-migrate-meta-layouts":"default","ast-page-background-enabled":"default","ast-page-background-meta":{"desktop":{"background-color":"","background-image":"","background-repeat":"repeat","background-position":"center center","background-size":"auto","background-attachment":"scroll","background-type":"","background-media":"","overlay-type":"","overlay-color":"","overlay-opacity":"","overlay-gradient":""},"tablet":{"background-color":"","background-image":"","background-repeat":"repeat","background-position":"center center","background-size":"auto","background-attachment":"scroll","background-type":"","background-media":"","overlay-type":"","overlay-color":"","overlay-opacity":"","overlay-gradient":""},"mobile":{"background-color":"","background-image":"","background-repeat":"repeat","background-position":"center center","background-size":"auto","background-attachment":"scroll","background-type":"","background-media":"","overlay-type":"","overlay-color":"","overlay-opacity":"","overlay-gradient":""}},"ast-content-background-meta":{"desktop":{"background-color":"var(--ast-global-color-5)","background-image":"","background-repeat":"repeat","background-position":"center center","background-size":"auto","background-attachment":"scroll","background-type":"","background-media":"","overlay-type":"","overlay-color":"","overlay-opacity":"","overlay-gradient":""},"tablet":{"background-color":"var(--ast-global-color-5)","background-image":"","background-repeat":"repeat","background-position":"center center","background-size":"auto","background-attachment":"scroll","background-type":"","background-media":"","overlay-type":"","overlay-color":"","overlay-opacity":"","overlay-gradient":""},"mobile":{"background-color":"var(--ast-global-color-5)","background-image":"","background-repeat":"repeat","background-position":"center center","background-size":"auto","background-attachment":"scroll","background-type":"","background-media":"","overlay-type":"","overlay-color":"","overlay-opacity":"","overlay-gradient":""}},"footnotes":""},"class_list":["post-1195","page","type-page","status-publish","hentry"],"yoast_head":"<!-- This site is optimized with the Yoast SEO plugin v27.5 - https:\/\/yoast.com\/product\/yoast-seo-wordpress\/ -->\n<title>Kokoonpano - Astex Engineering Oy<\/title>\n<meta name=\"robots\" content=\"index, follow, max-snippet:-1, max-image-preview:large, max-video-preview:-1\" \/>\n<link rel=\"canonical\" href=\"https:\/\/astex.fi\/en\/kokoonpano\/\" \/>\n<meta property=\"og:locale\" content=\"en_US\" \/>\n<meta property=\"og:type\" content=\"article\" \/>\n<meta property=\"og:title\" content=\"Kokoonpano - Astex Engineering Oy\" \/>\n<meta property=\"og:description\" content=\"KOKOONPANO Ota yhteytt\u00e4 Lis\u00e4arvoa kokoonpanolla Palveluihimme kuuluu osien valmistuksen lis\u00e4ksi my\u00f6s osien kokoonpano ja tarvittaessa valmiiden tuotteiden testaukset.\u00a0 Valmistamme mekaanista kokoonpanoa, hydrauliikkaan liittyvi\u00e4 kokoonpanoja, sylinterin osia sek\u00e4 erilaisia hienomekaanisia s\u00e4\u00e4t\u00f6laitteita. My\u00f6s s\u00e4hk\u00f6kokoonpanoja teemme jonkin verran. Pitk\u00e4aikaiset asiakkaamme arvostavat meilt\u00e4 saamaansa kokonaispalvelua, johon liittyy valmistus, pintak\u00e4sittelyt sek\u00e4 kokoonpanot. Hankimme komponentit tarvittaessa. Kokoonpanoista vastaavat alan vahvat ammattilaiset. [&hellip;]\" \/>\n<meta property=\"og:url\" content=\"https:\/\/astex.fi\/en\/kokoonpano\/\" \/>\n<meta property=\"og:site_name\" content=\"Astex Engineering Oy\" \/>\n<meta property=\"article:publisher\" content=\"https:\/\/www.facebook.com\/AstexEngineering\/\" \/>\n<meta property=\"article:modified_time\" content=\"2021-10-15T11:08:20+00:00\" \/>\n<meta property=\"og:image\" content=\"https:\/\/astex.fi\/wp-content\/uploads\/2020\/08\/valmet.jpg\" \/>\n<meta name=\"twitter:card\" content=\"summary_large_image\" \/>\n<meta name=\"twitter:label1\" content=\"Est. reading time\" \/>\n\t<meta name=\"twitter:data1\" content=\"1 minute\" \/>\n<script type=\"application\/ld+json\" class=\"yoast-schema-graph\">{\"@context\":\"https:\\\/\\\/schema.org\",\"@graph\":[{\"@type\":\"WebPage\",\"@id\":\"https:\\\/\\\/astex.fi\\\/kokoonpano\\\/\",\"url\":\"https:\\\/\\\/astex.fi\\\/kokoonpano\\\/\",\"name\":\"Kokoonpano - Astex Engineering Oy\",\"isPartOf\":{\"@id\":\"https:\\\/\\\/astex.fi\\\/#website\"},\"primaryImageOfPage\":{\"@id\":\"https:\\\/\\\/astex.fi\\\/kokoonpano\\\/#primaryimage\"},\"image\":{\"@id\":\"https:\\\/\\\/astex.fi\\\/kokoonpano\\\/#primaryimage\"},\"thumbnailUrl\":\"https:\\\/\\\/astex.fi\\\/wp-content\\\/uploads\\\/2020\\\/08\\\/valmet.jpg\",\"datePublished\":\"2020-08-17T11:30:16+00:00\",\"dateModified\":\"2021-10-15T11:08:20+00:00\",\"breadcrumb\":{\"@id\":\"https:\\\/\\\/astex.fi\\\/kokoonpano\\\/#breadcrumb\"},\"inLanguage\":\"en-US\",\"potentialAction\":[{\"@type\":\"ReadAction\",\"target\":[\"https:\\\/\\\/astex.fi\\\/kokoonpano\\\/\"]}]},{\"@type\":\"ImageObject\",\"inLanguage\":\"en-US\",\"@id\":\"https:\\\/\\\/astex.fi\\\/kokoonpano\\\/#primaryimage\",\"url\":\"https:\\\/\\\/astex.fi\\\/wp-content\\\/uploads\\\/2020\\\/08\\\/valmet.jpg\",\"contentUrl\":\"https:\\\/\\\/astex.fi\\\/wp-content\\\/uploads\\\/2020\\\/08\\\/valmet.jpg\"},{\"@type\":\"BreadcrumbList\",\"@id\":\"https:\\\/\\\/astex.fi\\\/kokoonpano\\\/#breadcrumb\",\"itemListElement\":[{\"@type\":\"ListItem\",\"position\":1,\"name\":\"Home\",\"item\":\"https:\\\/\\\/astex.fi\\\/\"},{\"@type\":\"ListItem\",\"position\":2,\"name\":\"Kokoonpano\"}]},{\"@type\":\"WebSite\",\"@id\":\"https:\\\/\\\/astex.fi\\\/#website\",\"url\":\"https:\\\/\\\/astex.fi\\\/\",\"name\":\"Astex Engineering Oy\",\"description\":\"Astex - apunasi vaativissa koneistust\u00f6iss\u00e4\",\"publisher\":{\"@id\":\"https:\\\/\\\/astex.fi\\\/#organization\"},\"potentialAction\":[{\"@type\":\"SearchAction\",\"target\":{\"@type\":\"EntryPoint\",\"urlTemplate\":\"https:\\\/\\\/astex.fi\\\/?s={search_term_string}\"},\"query-input\":{\"@type\":\"PropertyValueSpecification\",\"valueRequired\":true,\"valueName\":\"search_term_string\"}}],\"inLanguage\":\"en-US\"},{\"@type\":\"Organization\",\"@id\":\"https:\\\/\\\/astex.fi\\\/#organization\",\"name\":\"Astex Engineering Oy\",\"url\":\"https:\\\/\\\/astex.fi\\\/\",\"logo\":{\"@type\":\"ImageObject\",\"inLanguage\":\"en-US\",\"@id\":\"https:\\\/\\\/astex.fi\\\/#\\\/schema\\\/logo\\\/image\\\/\",\"url\":\"https:\\\/\\\/astex.fi\\\/wp-content\\\/uploads\\\/2018\\\/11\\\/ASTEX-ENGINEERING-logo-transparent-background-RGB-SIN-e1626952547971.png\",\"contentUrl\":\"https:\\\/\\\/astex.fi\\\/wp-content\\\/uploads\\\/2018\\\/11\\\/ASTEX-ENGINEERING-logo-transparent-background-RGB-SIN-e1626952547971.png\",\"width\":302,\"height\":62,\"caption\":\"Astex Engineering Oy\"},\"image\":{\"@id\":\"https:\\\/\\\/astex.fi\\\/#\\\/schema\\\/logo\\\/image\\\/\"},\"sameAs\":[\"https:\\\/\\\/www.facebook.com\\\/AstexEngineering\\\/\"]}]}<\/script>\n<!-- \/ Yoast SEO plugin. -->","yoast_head_json":{"title":"Kokoonpano - Astex Engineering Oy","robots":{"index":"index","follow":"follow","max-snippet":"max-snippet:-1","max-image-preview":"max-image-preview:large","max-video-preview":"max-video-preview:-1"},"canonical":"https:\/\/astex.fi\/en\/kokoonpano\/","og_locale":"en_US","og_type":"article","og_title":"Kokoonpano - Astex Engineering Oy","og_description":"KOKOONPANO Ota yhteytt\u00e4 Lis\u00e4arvoa kokoonpanolla Palveluihimme kuuluu osien valmistuksen lis\u00e4ksi my\u00f6s osien kokoonpano ja tarvittaessa valmiiden tuotteiden testaukset.\u00a0 Valmistamme mekaanista kokoonpanoa, hydrauliikkaan liittyvi\u00e4 kokoonpanoja, sylinterin osia sek\u00e4 erilaisia hienomekaanisia s\u00e4\u00e4t\u00f6laitteita. My\u00f6s s\u00e4hk\u00f6kokoonpanoja teemme jonkin verran. Pitk\u00e4aikaiset asiakkaamme arvostavat meilt\u00e4 saamaansa kokonaispalvelua, johon liittyy valmistus, pintak\u00e4sittelyt sek\u00e4 kokoonpanot. Hankimme komponentit tarvittaessa. Kokoonpanoista vastaavat alan vahvat ammattilaiset. [&hellip;]","og_url":"https:\/\/astex.fi\/en\/kokoonpano\/","og_site_name":"Astex Engineering Oy","article_publisher":"https:\/\/www.facebook.com\/AstexEngineering\/","article_modified_time":"2021-10-15T11:08:20+00:00","og_image":[{"url":"https:\/\/astex.fi\/wp-content\/uploads\/2020\/08\/valmet.jpg","type":"","width":"","height":""}],"twitter_card":"summary_large_image","twitter_misc":{"Est. reading time":"1 minute"},"schema":{"@context":"https:\/\/schema.org","@graph":[{"@type":"WebPage","@id":"https:\/\/astex.fi\/kokoonpano\/","url":"https:\/\/astex.fi\/kokoonpano\/","name":"Kokoonpano - Astex Engineering Oy","isPartOf":{"@id":"https:\/\/astex.fi\/#website"},"primaryImageOfPage":{"@id":"https:\/\/astex.fi\/kokoonpano\/#primaryimage"},"image":{"@id":"https:\/\/astex.fi\/kokoonpano\/#primaryimage"},"thumbnailUrl":"https:\/\/astex.fi\/wp-content\/uploads\/2020\/08\/valmet.jpg","datePublished":"2020-08-17T11:30:16+00:00","dateModified":"2021-10-15T11:08:20+00:00","breadcrumb":{"@id":"https:\/\/astex.fi\/kokoonpano\/#breadcrumb"},"inLanguage":"en-US","potentialAction":[{"@type":"ReadAction","target":["https:\/\/astex.fi\/kokoonpano\/"]}]},{"@type":"ImageObject","inLanguage":"en-US","@id":"https:\/\/astex.fi\/kokoonpano\/#primaryimage","url":"https:\/\/astex.fi\/wp-content\/uploads\/2020\/08\/valmet.jpg","contentUrl":"https:\/\/astex.fi\/wp-content\/uploads\/2020\/08\/valmet.jpg"},{"@type":"BreadcrumbList","@id":"https:\/\/astex.fi\/kokoonpano\/#breadcrumb","itemListElement":[{"@type":"ListItem","position":1,"name":"Home","item":"https:\/\/astex.fi\/"},{"@type":"ListItem","position":2,"name":"Kokoonpano"}]},{"@type":"WebSite","@id":"https:\/\/astex.fi\/#website","url":"https:\/\/astex.fi\/","name":"Astex Engineering Oy","description":"Astex - apunasi vaativissa koneistust\u00f6iss\u00e4","publisher":{"@id":"https:\/\/astex.fi\/#organization"},"potentialAction":[{"@type":"SearchAction","target":{"@type":"EntryPoint","urlTemplate":"https:\/\/astex.fi\/?s={search_term_string}"},"query-input":{"@type":"PropertyValueSpecification","valueRequired":true,"valueName":"search_term_string"}}],"inLanguage":"en-US"},{"@type":"Organization","@id":"https:\/\/astex.fi\/#organization","name":"Astex Engineering Oy","url":"https:\/\/astex.fi\/","logo":{"@type":"ImageObject","inLanguage":"en-US","@id":"https:\/\/astex.fi\/#\/schema\/logo\/image\/","url":"https:\/\/astex.fi\/wp-content\/uploads\/2018\/11\/ASTEX-ENGINEERING-logo-transparent-background-RGB-SIN-e1626952547971.png","contentUrl":"https:\/\/astex.fi\/wp-content\/uploads\/2018\/11\/ASTEX-ENGINEERING-logo-transparent-background-RGB-SIN-e1626952547971.png","width":302,"height":62,"caption":"Astex Engineering Oy"},"image":{"@id":"https:\/\/astex.fi\/#\/schema\/logo\/image\/"},"sameAs":["https:\/\/www.facebook.com\/AstexEngineering\/"]}]}},"uagb_featured_image_src":{"full":false,"thumbnail":false,"medium":false,"medium_large":false,"large":false,"1536x1536":false,"2048x2048":false,"trp-custom-language-flag":false},"uagb_author_info":{"display_name":"Petri Lammi","author_link":"http:\/\/astex.fi\/en\/author\/petri-lammiastex-fi\/"},"uagb_comment_info":0,"uagb_excerpt":"KOKOONPANO Ota yhteytt\u00e4 Lis\u00e4arvoa kokoonpanolla Palveluihimme kuuluu osien valmistuksen lis\u00e4ksi my\u00f6s osien kokoonpano ja tarvittaessa valmiiden tuotteiden testaukset.\u00a0 Valmistamme mekaanista kokoonpanoa, hydrauliikkaan liittyvi\u00e4 kokoonpanoja, sylinterin osia sek\u00e4 erilaisia hienomekaanisia s\u00e4\u00e4t\u00f6laitteita. My\u00f6s s\u00e4hk\u00f6kokoonpanoja teemme jonkin verran. Pitk\u00e4aikaiset asiakkaamme arvostavat meilt\u00e4 saamaansa kokonaispalvelua, johon liittyy valmistus, pintak\u00e4sittelyt sek\u00e4 kokoonpanot. Hankimme komponentit tarvittaessa. Kokoonpanoista vastaavat alan vahvat ammattilaiset.&hellip;","_links":{"self":[{"href":"http:\/\/astex.fi\/en\/wp-json\/wp\/v2\/pages\/1195","targetHints":{"allow":["GET"]}}],"collection":[{"href":"http:\/\/astex.fi\/en\/wp-json\/wp\/v2\/pages"}],"about":[{"href":"http:\/\/astex.fi\/en\/wp-json\/wp\/v2\/types\/page"}],"author":[{"embeddable":true,"href":"http:\/\/astex.fi\/en\/wp-json\/wp\/v2\/users\/5"}],"replies":[{"embeddable":true,"href":"http:\/\/astex.fi\/en\/wp-json\/wp\/v2\/comments?post=1195"}],"version-history":[{"count":36,"href":"http:\/\/astex.fi\/en\/wp-json\/wp\/v2\/pages\/1195\/revisions"}],"predecessor-version":[{"id":2813,"href":"http:\/\/astex.fi\/en\/wp-json\/wp\/v2\/pages\/1195\/revisions\/2813"}],"wp:attachment":[{"href":"http:\/\/astex.fi\/en\/wp-json\/wp\/v2\/media?parent=1195"}],"curies":[{"name":"wp","href":"https:\/\/api.w.org\/{rel}","templated":true}]}}